{"id":1518,"date":"2020-06-11T18:50:37","date_gmt":"2020-06-11T18:50:37","guid":{"rendered":"https:\/\/www.camachofernandez.com\/contacto\/"},"modified":"2023-02-13T16:19:40","modified_gmt":"2023-02-13T16:19:40","slug":"contacto","status":"publish","type":"page","link":"https:\/\/www.camachofernandez.com\/en\/contacto\/","title":{"rendered":"Contacto"},"content":{"rendered":"\t\t<div data-elementor-type=\"wp-page\" data-elementor-id=\"1518\" class=\"elementor elementor-1518 elementor-28\">\n\t\t\t\t\t\t<div class=\"elementor-inner\">\n\t\t\t\t<div class=\"elementor-section-wrap\">\n\t\t\t\t\t\t\t\t\t<section class=\"elementor-section elementor-top-section elementor-element elementor-element-3a4ab0c hide-background elementor-section-boxed elementor-section-height-default elementor-section-height-default\" data-id=\"3a4ab0c\" data-element_type=\"section\" data-settings=\"{&quot;background_background&quot;:&quot;classic&quot;}\">\n\t\t\t\t\t\t\t<div class=\"elementor-background-overlay\"><\/div>\n\t\t\t\t\t\t\t<div class=\"elementor-container elementor-column-gap-default\">\n\t\t\t\t\t\t\t<div class=\"elementor-row\">\n\t\t\t\t\t<div class=\"elementor-column elementor-col-100 elementor-top-column elementor-element elementor-element-e8b53fb\" data-id=\"e8b53fb\" data-element_type=\"column\">\n\t\t\t<div class=\"elementor-column-wrap elementor-element-populated\">\n\t\t\t\t\t\t\t<div class=\"elementor-widget-wrap\">\n\t\t\t\t\t\t<div class=\"elementor-element elementor-element-7f807d5 elementor-widget elementor-widget-heading\" data-id=\"7f807d5\" data-element_type=\"widget\" data-widget_type=\"heading.default\">\n\t\t\t\t<div class=\"elementor-widget-container\">\n\t\t\t<h2 class=\"elementor-heading-title elementor-size-default\"><span style=\"font-family: Gilroy ExtraBold; color: #222222;\">CONTACTO<\/span><\/h2>\t\t<\/div>\n\t\t\t\t<\/div>\n\t\t\t\t<section class=\"elementor-section elementor-inner-section elementor-element elementor-element-5030c53 elementor-section-boxed elementor-section-height-default elementor-section-height-default\" data-id=\"5030c53\" data-element_type=\"section\">\n\t\t\t\t\t\t<div class=\"elementor-container elementor-column-gap-default\">\n\t\t\t\t\t\t\t<div class=\"elementor-row\">\n\t\t\t\t\t<div class=\"elementor-column elementor-col-33 elementor-inner-column elementor-element elementor-element-39e6991\" data-id=\"39e6991\" data-element_type=\"column\">\n\t\t\t<div class=\"elementor-column-wrap elementor-element-populated\">\n\t\t\t\t\t\t\t<div class=\"elementor-widget-wrap\">\n\t\t\t\t\t\t<div class=\"elementor-element elementor-element-36b2c39 elementor-widget elementor-widget-image\" data-id=\"36b2c39\" data-element_type=\"widget\" data-widget_type=\"image.default\">\n\t\t\t\t<div class=\"elementor-widget-container\">\n\t\t\t\t\t\t\t\t<div class=\"elementor-image\">\n\t\t\t\t\t\t\t\t\t\t\t\t<img decoding=\"async\" width=\"56\" height=\"56\" src=\"https:\/\/www.camachofernandez.com\/wp-content\/uploads\/2020\/07\/Forma_1_copia-1.png\" class=\"attachment-large size-large wp-image-1227\" alt=\"\" loading=\"lazy\" srcset=\"https:\/\/www.camachofernandez.com\/wp-content\/uploads\/2020\/07\/Forma_1_copia-1.png 56w, https:\/\/www.camachofernandez.com\/wp-content\/uploads\/2020\/07\/Forma_1_copia-1-50x50.png 50w\" sizes=\"(max-width: 56px) 100vw, 56px\" \/>\t\t\t\t\t\t\t\t\t\t\t\t\t\t<\/div>\n\t\t\t\t\t\t<\/div>\n\t\t\t\t<\/div>\n\t\t\t\t<div class=\"elementor-element elementor-element-0d0cf9e elementor-widget elementor-widget-heading\" data-id=\"0d0cf9e\" data-element_type=\"widget\" data-widget_type=\"heading.default\">\n\t\t\t\t<div class=\"elementor-widget-container\">\n\t\t\t<h4 class=\"elementor-heading-title elementor-size-default\"><span style=\"font-family: Gilroy ExtraBold;\">Tel\u00e9fono<\/span><\/h4>\t\t<\/div>\n\t\t\t\t<\/div>\n\t\t\t\t<div class=\"elementor-element elementor-element-cc328f2 elementor-widget elementor-widget-text-editor\" data-id=\"cc328f2\" data-element_type=\"widget\" data-widget_type=\"text-editor.default\">\n\t\t\t\t<div class=\"elementor-widget-container\">\n\t\t\t\t\t\t\t\t<div class=\"elementor-text-editor elementor-clearfix\">\n\t\t\t\t<a href=\"tel:+50622530552\">(+506) 2253-0552<\/a><br><a href=\"tel:+50622343169\">(+506) 2234-3169<\/a>\t\t\t\t\t<\/div>\n\t\t\t\t\t\t<\/div>\n\t\t\t\t<\/div>\n\t\t\t\t\t\t<\/div>\n\t\t\t\t\t<\/div>\n\t\t<\/div>\n\t\t\t\t<div class=\"elementor-column elementor-col-33 elementor-inner-column elementor-element elementor-element-5860da4\" data-id=\"5860da4\" data-element_type=\"column\">\n\t\t\t<div class=\"elementor-column-wrap elementor-element-populated\">\n\t\t\t\t\t\t\t<div class=\"elementor-widget-wrap\">\n\t\t\t\t\t\t<div class=\"elementor-element elementor-element-b481b59 elementor-widget elementor-widget-image\" data-id=\"b481b59\" data-element_type=\"widget\" data-widget_type=\"image.default\">\n\t\t\t\t<div class=\"elementor-widget-container\">\n\t\t\t\t\t\t\t\t<div class=\"elementor-image\">\n\t\t\t\t\t\t\t\t\t\t\t\t<img decoding=\"async\" width=\"56\" height=\"56\" src=\"https:\/\/www.camachofernandez.com\/wp-content\/uploads\/2020\/07\/Forma_2_copia-1.png\" class=\"attachment-large size-large wp-image-1228\" alt=\"\" loading=\"lazy\" srcset=\"https:\/\/www.camachofernandez.com\/wp-content\/uploads\/2020\/07\/Forma_2_copia-1.png 56w, https:\/\/www.camachofernandez.com\/wp-content\/uploads\/2020\/07\/Forma_2_copia-1-50x50.png 50w\" sizes=\"(max-width: 56px) 100vw, 56px\" \/>\t\t\t\t\t\t\t\t\t\t\t\t\t\t<\/div>\n\t\t\t\t\t\t<\/div>\n\t\t\t\t<\/div>\n\t\t\t\t<div class=\"elementor-element elementor-element-d34b81a elementor-widget elementor-widget-heading\" data-id=\"d34b81a\" data-element_type=\"widget\" data-widget_type=\"heading.default\">\n\t\t\t\t<div class=\"elementor-widget-container\">\n\t\t\t<h4 class=\"elementor-heading-title elementor-size-default\"><span style=\"font-family: Gilroy ExtraBold;\">Correo<\/span><\/h4>\t\t<\/div>\n\t\t\t\t<\/div>\n\t\t\t\t<div class=\"elementor-element elementor-element-cdd0cef elementor-widget elementor-widget-text-editor\" data-id=\"cdd0cef\" data-element_type=\"widget\" data-widget_type=\"text-editor.default\">\n\t\t\t\t<div class=\"elementor-widget-container\">\n\t\t\t\t\t\t\t\t<div class=\"elementor-text-editor elementor-clearfix\">\n\t\t\t\t<a href=\"mailto:cf@camachofernandez.com\">cf@camachofernandez.com<\/a>\n<a href=\"mailto:cym@camachoymora.com\">cym@camachoymora.com<\/a>\t\t\t\t\t<\/div>\n\t\t\t\t\t\t<\/div>\n\t\t\t\t<\/div>\n\t\t\t\t\t\t<\/div>\n\t\t\t\t\t<\/div>\n\t\t<\/div>\n\t\t\t\t<div class=\"elementor-column elementor-col-33 elementor-inner-column elementor-element elementor-element-4536405\" data-id=\"4536405\" data-element_type=\"column\">\n\t\t\t<div class=\"elementor-column-wrap elementor-element-populated\">\n\t\t\t\t\t\t\t<div class=\"elementor-widget-wrap\">\n\t\t\t\t\t\t<div class=\"elementor-element elementor-element-4ea9b16 elementor-widget elementor-widget-image\" data-id=\"4ea9b16\" data-element_type=\"widget\" data-widget_type=\"image.default\">\n\t\t\t\t<div class=\"elementor-widget-container\">\n\t\t\t\t\t\t\t\t<div class=\"elementor-image\">\n\t\t\t\t\t\t\t\t\t\t\t\t<img decoding=\"async\" width=\"56\" height=\"56\" src=\"https:\/\/www.camachofernandez.com\/wp-content\/uploads\/2020\/07\/Forma_3_copia-1.png\" class=\"attachment-large size-large wp-image-1229\" alt=\"\" loading=\"lazy\" srcset=\"https:\/\/www.camachofernandez.com\/wp-content\/uploads\/2020\/07\/Forma_3_copia-1.png 56w, https:\/\/www.camachofernandez.com\/wp-content\/uploads\/2020\/07\/Forma_3_copia-1-50x50.png 50w\" sizes=\"(max-width: 56px) 100vw, 56px\" \/>\t\t\t\t\t\t\t\t\t\t\t\t\t\t<\/div>\n\t\t\t\t\t\t<\/div>\n\t\t\t\t<\/div>\n\t\t\t\t<div class=\"elementor-element elementor-element-b96ed5c elementor-widget elementor-widget-heading\" data-id=\"b96ed5c\" data-element_type=\"widget\" data-widget_type=\"heading.default\">\n\t\t\t\t<div class=\"elementor-widget-container\">\n\t\t\t<h4 class=\"elementor-heading-title elementor-size-default\"><span style=\"font-family: Gilroy ExtraBold;\">Ubicaci\u00f3n<\/span><\/h4>\t\t<\/div>\n\t\t\t\t<\/div>\n\t\t\t\t<div class=\"elementor-element elementor-element-ccb7266 elementor-widget elementor-widget-text-editor\" data-id=\"ccb7266\" data-element_type=\"widget\" data-widget_type=\"text-editor.default\">\n\t\t\t\t<div class=\"elementor-widget-container\">\n\t\t\t\t\t\t\t\t<div class=\"elementor-text-editor elementor-clearfix\">\n\t\t\t\tResidencial El Prado, Calle 75, Avenida 20, Curridabat, San Jos\u00e9, Costa Rica, 11801 Costa Rica.\t\t\t\t\t<\/div>\n\t\t\t\t\t\t<\/div>\n\t\t\t\t<\/div>\n\t\t\t\t\t\t<\/div>\n\t\t\t\t\t<\/div>\n\t\t<\/div>\n\t\t\t\t\t\t\t\t<\/div>\n\t\t\t\t\t<\/div>\n\t\t<\/section>\n\t\t\t\t<div class=\"elementor-element elementor-element-7ebe69c elementor-widget elementor-widget-text-editor\" data-id=\"7ebe69c\" data-element_type=\"widget\" data-widget_type=\"text-editor.default\">\n\t\t\t\t<div class=\"elementor-widget-container\">\n\t\t\t\t\t\t\t\t<div class=\"elementor-text-editor elementor-clearfix\">\n\t\t\t\tNuestra empresa trabaja con Clientes p\u00fablicos y privados. <span style=\"font-family: Gilroy ExtraBold;\">Puede contactarnos por medio de nuestros correos o v\u00eda tel\u00e9fonica<\/span> para conversar con nosotros sobre c\u00f3mo podemos enfrentar los proyectos en conjunto.\t\t\t\t\t<\/div>\n\t\t\t\t\t\t<\/div>\n\t\t\t\t<\/div>\n\t\t\t\t<div class=\"elementor-element elementor-element-5176d47 elementor-widget elementor-widget-shortcode\" data-id=\"5176d47\" data-element_type=\"widget\" data-widget_type=\"shortcode.default\">\n\t\t\t\t<div class=\"elementor-widget-container\">\n\t\t\t\t\t<div class=\"elementor-shortcode\">\n<div class=\"wpcf7 no-js\" id=\"wpcf7-f1521-o1\" lang=\"en-US\" dir=\"ltr\">\n<div class=\"screen-reader-response\"><p role=\"status\" aria-live=\"polite\" aria-atomic=\"true\"><\/p> <ul><\/ul><\/div>\n<form action=\"\/en\/wp-json\/wp\/v2\/pages\/1518#wpcf7-f1521-o1\" method=\"post\" class=\"wpcf7-form init\" aria-label=\"Contact form\" novalidate=\"novalidate\" data-status=\"init\">\n<div style=\"display: none;\">\n<input type=\"hidden\" name=\"_wpcf7\" value=\"1521\" \/>\n<input type=\"hidden\" name=\"_wpcf7_version\" value=\"5.7.7\" \/>\n<input type=\"hidden\" name=\"_wpcf7_locale\" value=\"en_US\" \/>\n<input type=\"hidden\" name=\"_wpcf7_unit_tag\" value=\"wpcf7-f1521-o1\" \/>\n<input type=\"hidden\" name=\"_wpcf7_container_post\" value=\"0\" \/>\n<input type=\"hidden\" name=\"_wpcf7_posted_data_hash\" value=\"\" \/>\n<input type=\"hidden\" name=\"_wpcf7_recaptcha_response\" value=\"\" \/>\n<\/div>\n<p><script>\njQuery( document ).ready(function() {\n document.addEventListener( 'wpcf7mailsent', function( event ) {\n\t\tif ( '1521' == event.detail.contactFormId ) {\n\t\t\t\/\/setInterval(location = 'https:\/\/www.camachofernandez.com\/en\/thank-you\/', 2000);\n\t\t\t\/\/location.href = 'https:\/\/www.camachofernandez.com\/en\/thank-you\/';\n\t\t\tdocument.location.href=\"https:\/\/www.camachofernandez.com\/en\/thank-you\/\";\n\t\t} \n\t}, false );\n});\n<\/script>\n<\/p>\n<center>\n\t<p><label><span style=\"font-family: Gilroy ExtraBold;\">Name<\/span><br \/>\n<span class=\"wpcf7-form-control-wrap\" data-name=\"your-name\"><input size=\"40\" class=\"wpcf7-form-control wpcf7-text wpcf7-validates-as-required\" aria-required=\"true\" aria-invalid=\"false\" placeholder=\"Name\" value=\"\" type=\"text\" name=\"your-name\" \/><\/span> <\/label>\n\t<\/p>\n\t<p><label><span style=\"font-family: Gilroy ExtraBold;\">Company<\/span><br \/>\n<span class=\"wpcf7-form-control-wrap\" data-name=\"your-company\"><input size=\"40\" class=\"wpcf7-form-control wpcf7-text\" aria-invalid=\"false\" placeholder=\"Company\" value=\"\" type=\"text\" name=\"your-company\" \/><\/span> <\/label>\n\t<\/p>\n\t<p><label><span style=\"font-family: Gilroy ExtraBold;\">Email<\/span><br \/>\n<span class=\"wpcf7-form-control-wrap\" data-name=\"your-email\"><input size=\"40\" class=\"wpcf7-form-control wpcf7-text wpcf7-email wpcf7-validates-as-required wpcf7-validates-as-email\" aria-required=\"true\" aria-invalid=\"false\" placeholder=\"Email\" value=\"\" type=\"email\" name=\"your-email\" \/><\/span> <\/label>\n\t<\/p>\n\t<p><label><span style=\"font-family: Gilroy ExtraBold;\">Phone<\/span><br \/>\n<span class=\"wpcf7-form-control-wrap\" data-name=\"your-phone\"><input size=\"40\" class=\"wpcf7-form-control wpcf7-text wpcf7-tel wpcf7-validates-as-required wpcf7-validates-as-tel\" aria-required=\"true\" aria-invalid=\"false\" placeholder=\"Phone\" value=\"\" type=\"tel\" name=\"your-phone\" \/><\/span> <\/label>\n\t<\/p>\n\t<p><label><span style=\"font-family: Gilroy ExtraBold;\">Consultation<\/span><br \/>\n<span class=\"wpcf7-form-control-wrap\" data-name=\"your-message\"><textarea cols=\"40\" rows=\"10\" class=\"wpcf7-form-control wpcf7-textarea\" aria-invalid=\"false\" placeholder=\"Enter your inquiry\" name=\"your-message\"><\/textarea><\/span> <\/label>\n\t<\/p>\n\t<p><button id='submit' class='wpcf7-form-control wpcf7-submit wpcf7-custom-bottom'><img style=\"padding-bottom: 5px;\"src=\"\/wp-content\/uploads\/2020\/06\/Forma_4.jpg\" \/> SEND INFORMATION<\/button>\n\t<\/p>\n<\/center><div class=\"wpcf7-response-output\" aria-hidden=\"true\"><\/div>\n<\/form>\n<\/div>\n<\/div>\n\t\t\t\t<\/div>\n\t\t\t\t<\/div>\n\t\t\t\t\t\t<\/div>\n\t\t\t\t\t<\/div>\n\t\t<\/div>\n\t\t\t\t\t\t\t\t<\/div>\n\t\t\t\t\t<\/div>\n\t\t<\/section>\n\t\t\t\t\t\t\t\t\t<\/div>\n\t\t\t<\/div>\n\t\t\t\t\t<\/div>\n\t\t","protected":false},"excerpt":{"rendered":"<p>CONTACTO Tel\u00e9fono (+506) 2253-0552 (+506) 2234-3169 Correo cf@camachofernandez.com cym@camachoymora.com Ubicaci\u00f3n Residencial El Prado, Calle 75, Avenida 20, Curridabat, San Jos\u00e9, Costa Rica, 11801 Costa Rica.Nuestra empresa<span class=\"excerpt-hellip\"> [\u2026]<\/span><\/p>\n","protected":false},"author":2,"featured_media":0,"parent":0,"menu_order":0,"comment_status":"closed","ping_status":"closed","template":"elementor_header_footer","meta":[],"yoast_head":"<!-- This site is optimized with the Yoast SEO plugin v20.10 - https:\/\/yoast.com\/wordpress\/plugins\/seo\/ -->\n<title>Contacto - Camacho Fern\u00e1ndez<\/title>\n<meta name=\"robots\" content=\"index, follow, max-snippet:-1, max-image-preview:large, max-video-preview:-1\" \/>\n<link rel=\"canonical\" href=\"https:\/\/www.camachofernandez.com\/en\/contacto\/\" \/>\n<meta property=\"og:locale\" content=\"en_US\" \/>\n<meta property=\"og:type\" content=\"article\" \/>\n<meta property=\"og:title\" content=\"Contacto - Camacho Fern\u00e1ndez\" \/>\n<meta property=\"og:description\" content=\"CONTACTO Tel\u00e9fono (+506) 2253-0552 (+506) 2234-3169 Correo cf@camachofernandez.com cym@camachoymora.com Ubicaci\u00f3n Residencial El Prado, Calle 75, Avenida 20, Curridabat, San Jos\u00e9, Costa Rica, 11801 Costa Rica.Nuestra empresa [\u2026]\" \/>\n<meta property=\"og:url\" content=\"https:\/\/www.camachofernandez.com\/en\/contacto\/\" \/>\n<meta property=\"og:site_name\" content=\"Camacho Fern\u00e1ndez\" \/>\n<meta property=\"article:modified_time\" content=\"2023-02-13T16:19:40+00:00\" \/>\n<meta property=\"og:image\" content=\"https:\/\/www.camachofernandez.com\/wp-content\/uploads\/2020\/07\/Forma_1_copia-1.png\" \/>\n<meta name=\"twitter:card\" content=\"summary_large_image\" \/>\n<script type=\"application\/ld+json\" class=\"yoast-schema-graph\">{\"@context\":\"https:\/\/schema.org\",\"@graph\":[{\"@type\":\"WebPage\",\"@id\":\"https:\/\/www.camachofernandez.com\/en\/contacto\/\",\"url\":\"https:\/\/www.camachofernandez.com\/en\/contacto\/\",\"name\":\"Contacto - Camacho Fern\u00e1ndez\",\"isPartOf\":{\"@id\":\"https:\/\/www.camachofernandez.com\/en\/#website\"},\"datePublished\":\"2020-06-11T18:50:37+00:00\",\"dateModified\":\"2023-02-13T16:19:40+00:00\",\"breadcrumb\":{\"@id\":\"https:\/\/www.camachofernandez.com\/en\/contacto\/#breadcrumb\"},\"inLanguage\":\"en-US\",\"potentialAction\":[{\"@type\":\"ReadAction\",\"target\":[\"https:\/\/www.camachofernandez.com\/en\/contacto\/\"]}]},{\"@type\":\"BreadcrumbList\",\"@id\":\"https:\/\/www.camachofernandez.com\/en\/contacto\/#breadcrumb\",\"itemListElement\":[{\"@type\":\"ListItem\",\"position\":1,\"name\":\"Portada\",\"item\":\"https:\/\/www.camachofernandez.com\/en\/\"},{\"@type\":\"ListItem\",\"position\":2,\"name\":\"Contacto\"}]},{\"@type\":\"WebSite\",\"@id\":\"https:\/\/www.camachofernandez.com\/en\/#website\",\"url\":\"https:\/\/www.camachofernandez.com\/en\/\",\"name\":\"Camacho Fern\u00e1ndez\",\"description\":\"\",\"potentialAction\":[{\"@type\":\"SearchAction\",\"target\":{\"@type\":\"EntryPoint\",\"urlTemplate\":\"https:\/\/www.camachofernandez.com\/en\/?s={search_term_string}\"},\"query-input\":\"required name=search_term_string\"}],\"inLanguage\":\"en-US\"}]}<\/script>\n<!-- \/ Yoast SEO plugin. -->","yoast_head_json":{"title":"Contacto - Camacho Fern\u00e1ndez","robots":{"index":"index","follow":"follow","max-snippet":"max-snippet:-1","max-image-preview":"max-image-preview:large","max-video-preview":"max-video-preview:-1"},"canonical":"https:\/\/www.camachofernandez.com\/en\/contacto\/","og_locale":"en_US","og_type":"article","og_title":"Contacto - Camacho Fern\u00e1ndez","og_description":"CONTACTO Tel\u00e9fono (+506) 2253-0552 (+506) 2234-3169 Correo cf@camachofernandez.com cym@camachoymora.com Ubicaci\u00f3n Residencial El Prado, Calle 75, Avenida 20, Curridabat, San Jos\u00e9, Costa Rica, 11801 Costa Rica.Nuestra empresa [\u2026]","og_url":"https:\/\/www.camachofernandez.com\/en\/contacto\/","og_site_name":"Camacho Fern\u00e1ndez","article_modified_time":"2023-02-13T16:19:40+00:00","og_image":[{"url":"https:\/\/www.camachofernandez.com\/wp-content\/uploads\/2020\/07\/Forma_1_copia-1.png"}],"twitter_card":"summary_large_image","schema":{"@context":"https:\/\/schema.org","@graph":[{"@type":"WebPage","@id":"https:\/\/www.camachofernandez.com\/en\/contacto\/","url":"https:\/\/www.camachofernandez.com\/en\/contacto\/","name":"Contacto - Camacho Fern\u00e1ndez","isPartOf":{"@id":"https:\/\/www.camachofernandez.com\/en\/#website"},"datePublished":"2020-06-11T18:50:37+00:00","dateModified":"2023-02-13T16:19:40+00:00","breadcrumb":{"@id":"https:\/\/www.camachofernandez.com\/en\/contacto\/#breadcrumb"},"inLanguage":"en-US","potentialAction":[{"@type":"ReadAction","target":["https:\/\/www.camachofernandez.com\/en\/contacto\/"]}]},{"@type":"BreadcrumbList","@id":"https:\/\/www.camachofernandez.com\/en\/contacto\/#breadcrumb","itemListElement":[{"@type":"ListItem","position":1,"name":"Portada","item":"https:\/\/www.camachofernandez.com\/en\/"},{"@type":"ListItem","position":2,"name":"Contacto"}]},{"@type":"WebSite","@id":"https:\/\/www.camachofernandez.com\/en\/#website","url":"https:\/\/www.camachofernandez.com\/en\/","name":"Camacho Fern\u00e1ndez","description":"","potentialAction":[{"@type":"SearchAction","target":{"@type":"EntryPoint","urlTemplate":"https:\/\/www.camachofernandez.com\/en\/?s={search_term_string}"},"query-input":"required name=search_term_string"}],"inLanguage":"en-US"}]}},"_links":{"self":[{"href":"https:\/\/www.camachofernandez.com\/en\/wp-json\/wp\/v2\/pages\/1518"}],"collection":[{"href":"https:\/\/www.camachofernandez.com\/en\/wp-json\/wp\/v2\/pages"}],"about":[{"href":"https:\/\/www.camachofernandez.com\/en\/wp-json\/wp\/v2\/types\/page"}],"author":[{"embeddable":true,"href":"https:\/\/www.camachofernandez.com\/en\/wp-json\/wp\/v2\/users\/2"}],"replies":[{"embeddable":true,"href":"https:\/\/www.camachofernandez.com\/en\/wp-json\/wp\/v2\/comments?post=1518"}],"version-history":[{"count":11,"href":"https:\/\/www.camachofernandez.com\/en\/wp-json\/wp\/v2\/pages\/1518\/revisions"}],"predecessor-version":[{"id":1631,"href":"https:\/\/www.camachofernandez.com\/en\/wp-json\/wp\/v2\/pages\/1518\/revisions\/1631"}],"wp:attachment":[{"href":"https:\/\/www.camachofernandez.com\/en\/wp-json\/wp\/v2\/media?parent=1518"}],"curies":[{"name":"wp","href":"https:\/\/api.w.org\/{rel}","templated":true}]}}