{"id":1500,"date":"2020-07-02T14:53:37","date_gmt":"2020-07-02T14:53:37","guid":{"rendered":"https:\/\/www.camachofernandez.com\/areas-of-expertise\/consultoria-en-gestion-ambiental\/"},"modified":"2022-12-28T20:11:17","modified_gmt":"2022-12-28T20:11:17","slug":"environmental-management-consulting","status":"publish","type":"page","link":"https:\/\/www.camachofernandez.com\/en\/areas-of-expertise\/environmental-management-consulting\/","title":{"rendered":"Environmental management consulting"},"content":{"rendered":"\t\t<div data-elementor-type=\"wp-page\" data-elementor-id=\"1500\" class=\"elementor elementor-1500 elementor-115\">\n\t\t\t\t\t\t<div class=\"elementor-inner\">\n\t\t\t\t<div class=\"elementor-section-wrap\">\n\t\t\t\t\t\t\t\t\t<section class=\"elementor-section elementor-top-section elementor-element elementor-element-21f795f6 elementor-section-boxed elementor-section-height-default elementor-section-height-default\" data-id=\"21f795f6\" data-element_type=\"section\">\n\t\t\t\t\t\t<div class=\"elementor-container elementor-column-gap-default\">\n\t\t\t\t\t\t\t<div class=\"elementor-row\">\n\t\t\t\t\t<div class=\"elementor-column elementor-col-100 elementor-top-column elementor-element elementor-element-69c28205\" data-id=\"69c28205\" data-element_type=\"column\">\n\t\t\t<div class=\"elementor-column-wrap elementor-element-populated\">\n\t\t\t\t\t\t\t<div class=\"elementor-widget-wrap\">\n\t\t\t\t\t\t<div class=\"elementor-element elementor-element-11be62e8 elementor-widget elementor-widget-heading\" data-id=\"11be62e8\" data-element_type=\"widget\" data-widget_type=\"heading.default\">\n\t\t\t\t<div class=\"elementor-widget-container\">\n\t\t\t<h2 class=\"elementor-heading-title elementor-size-default\"><span style=\"font-family: Gilroy ExtraBold; color: #222222;\">ENVIRONMENTAL<\/span><br>MANAGEMENT CONSULTING<\/h2>\t\t<\/div>\n\t\t\t\t<\/div>\n\t\t\t\t\t\t<\/div>\n\t\t\t\t\t<\/div>\n\t\t<\/div>\n\t\t\t\t\t\t\t\t<\/div>\n\t\t\t\t\t<\/div>\n\t\t<\/section>\n\t\t\t\t<section class=\"elementor-section elementor-top-section elementor-element elementor-element-4c232d5e elementor-section-boxed elementor-section-height-default elementor-section-height-default\" data-id=\"4c232d5e\" data-element_type=\"section\" data-settings=\"{&quot;background_background&quot;:&quot;classic&quot;}\">\n\t\t\t\t\t\t<div class=\"elementor-container elementor-column-gap-default\">\n\t\t\t\t\t\t\t<div class=\"elementor-row\">\n\t\t\t\t\t<div class=\"elementor-column elementor-col-100 elementor-top-column elementor-element elementor-element-1a42b201\" data-id=\"1a42b201\" data-element_type=\"column\">\n\t\t\t<div class=\"elementor-column-wrap elementor-element-populated\">\n\t\t\t\t\t\t\t<div class=\"elementor-widget-wrap\">\n\t\t\t\t\t\t<section class=\"elementor-section elementor-inner-section elementor-element elementor-element-30d1e913 elementor-section-boxed elementor-section-height-default elementor-section-height-default\" data-id=\"30d1e913\" data-element_type=\"section\">\n\t\t\t\t\t\t<div class=\"elementor-container elementor-column-gap-default\">\n\t\t\t\t\t\t\t<div class=\"elementor-row\">\n\t\t\t\t\t<div class=\"elementor-column elementor-col-50 elementor-inner-column elementor-element elementor-element-12e05c41\" data-id=\"12e05c41\" data-element_type=\"column\">\n\t\t\t<div class=\"elementor-column-wrap elementor-element-populated\">\n\t\t\t\t\t\t\t<div class=\"elementor-widget-wrap\">\n\t\t\t\t\t\t<div class=\"elementor-element elementor-element-3b5bffa9 elementor-widget elementor-widget-text-editor\" data-id=\"3b5bffa9\" data-element_type=\"widget\" data-widget_type=\"text-editor.default\">\n\t\t\t\t<div class=\"elementor-widget-container\">\n\t\t\t\t\t\t\t\t<div class=\"elementor-text-editor elementor-clearfix\">\n\t\t\t\t<p style=\"font-weight: 400;\">Together with our strategic partners, our company offers various environmental consulting services to ensure compliance with current environmental legislation in the country and promote sustainable development of projects considering its surrounding environment.<\/p><p style=\"font-weight: 400;\">We provide support in environmental procedures before SETENA such as environmental impact assessment, forms, environmental impact studies and environmental management plans.<\/p><p style=\"font-weight: 400;\">We also provide environmental regency services, environmental management, environmental technical advice, management plans and master plans.<\/p>\t\t\t\t\t<\/div>\n\t\t\t\t\t\t<\/div>\n\t\t\t\t<\/div>\n\t\t\t\t\t\t<\/div>\n\t\t\t\t\t<\/div>\n\t\t<\/div>\n\t\t\t\t<div class=\"elementor-column elementor-col-50 elementor-inner-column elementor-element elementor-element-7789630a\" data-id=\"7789630a\" data-element_type=\"column\">\n\t\t\t<div class=\"elementor-column-wrap\">\n\t\t\t\t\t\t\t<div class=\"elementor-widget-wrap\">\n\t\t\t\t\t\t\t\t<\/div>\n\t\t\t\t\t<\/div>\n\t\t<\/div>\n\t\t\t\t\t\t\t\t<\/div>\n\t\t\t\t\t<\/div>\n\t\t<\/section>\n\t\t\t\t\t\t<\/div>\n\t\t\t\t\t<\/div>\n\t\t<\/div>\n\t\t\t\t\t\t\t\t<\/div>\n\t\t\t\t\t<\/div>\n\t\t<\/section>\n\t\t\t\t\t\t\t\t\t<\/div>\n\t\t\t<\/div>\n\t\t\t\t\t<\/div>\n\t\t","protected":false},"excerpt":{"rendered":"<p>ENVIRONMENTALMANAGEMENT CONSULTING Together with our strategic partners, our company offers various environmental consulting services to ensure compliance with current environmental legislation in the country and promote<span class=\"excerpt-hellip\"> [\u2026]<\/span><\/p>\n","protected":false},"author":2,"featured_media":0,"parent":1452,"menu_order":0,"comment_status":"closed","ping_status":"closed","template":"elementor_header_footer","meta":[],"yoast_head":"<!-- This site is optimized with the Yoast SEO plugin v20.10 - https:\/\/yoast.com\/wordpress\/plugins\/seo\/ -->\n<title>Environmental management consulting Costa Rica - Camacho Fern\u00e1ndez.<\/title>\n<meta name=\"description\" content=\"Apoyamos en tr\u00e1mites ambientales ante SETENA como la evaluaci\u00f3n de impacto ambiental, formularios, estudios de impacto ambiental y planes de gesti\u00f3n ambiental.\" \/>\n<meta name=\"robots\" content=\"index, follow, max-snippet:-1, max-image-preview:large, max-video-preview:-1\" \/>\n<link rel=\"canonical\" href=\"https:\/\/www.camachofernandez.com\/en\/areas-of-expertise\/environmental-management-consulting\/\" \/>\n<meta property=\"og:locale\" content=\"en_US\" \/>\n<meta property=\"og:type\" content=\"article\" \/>\n<meta property=\"og:title\" content=\"Environmental management consulting Costa Rica - Camacho Fern\u00e1ndez.\" \/>\n<meta property=\"og:description\" content=\"Apoyamos en tr\u00e1mites ambientales ante SETENA como la evaluaci\u00f3n de impacto ambiental, formularios, estudios de impacto ambiental y planes de gesti\u00f3n ambiental.\" \/>\n<meta property=\"og:url\" content=\"https:\/\/www.camachofernandez.com\/en\/areas-of-expertise\/environmental-management-consulting\/\" \/>\n<meta property=\"og:site_name\" content=\"Camacho Fern\u00e1ndez\" \/>\n<meta property=\"article:modified_time\" content=\"2022-12-28T20:11:17+00:00\" \/>\n<meta name=\"twitter:card\" content=\"summary_large_image\" \/>\n<script type=\"application\/ld+json\" class=\"yoast-schema-graph\">{\"@context\":\"https:\/\/schema.org\",\"@graph\":[{\"@type\":\"WebPage\",\"@id\":\"https:\/\/www.camachofernandez.com\/en\/areas-of-expertise\/environmental-management-consulting\/\",\"url\":\"https:\/\/www.camachofernandez.com\/en\/areas-of-expertise\/environmental-management-consulting\/\",\"name\":\"Environmental management consulting Costa Rica - Camacho Fern\u00e1ndez.\",\"isPartOf\":{\"@id\":\"https:\/\/www.camachofernandez.com\/en\/#website\"},\"datePublished\":\"2020-07-02T14:53:37+00:00\",\"dateModified\":\"2022-12-28T20:11:17+00:00\",\"description\":\"Apoyamos en tr\u00e1mites ambientales ante SETENA como la evaluaci\u00f3n de impacto ambiental, formularios, estudios de impacto ambiental y planes de gesti\u00f3n ambiental.\",\"breadcrumb\":{\"@id\":\"https:\/\/www.camachofernandez.com\/en\/areas-of-expertise\/environmental-management-consulting\/#breadcrumb\"},\"inLanguage\":\"en-US\",\"potentialAction\":[{\"@type\":\"ReadAction\",\"target\":[\"https:\/\/www.camachofernandez.com\/en\/areas-of-expertise\/environmental-management-consulting\/\"]}]},{\"@type\":\"BreadcrumbList\",\"@id\":\"https:\/\/www.camachofernandez.com\/en\/areas-of-expertise\/environmental-management-consulting\/#breadcrumb\",\"itemListElement\":[{\"@type\":\"ListItem\",\"position\":1,\"name\":\"Portada\",\"item\":\"https:\/\/www.camachofernandez.com\/en\/\"},{\"@type\":\"ListItem\",\"position\":2,\"name\":\"Areas of Expertise\",\"item\":\"https:\/\/www.camachofernandez.com\/en\/areas-de-especialidad\/\"},{\"@type\":\"ListItem\",\"position\":3,\"name\":\"Environmental management consulting\"}]},{\"@type\":\"WebSite\",\"@id\":\"https:\/\/www.camachofernandez.com\/en\/#website\",\"url\":\"https:\/\/www.camachofernandez.com\/en\/\",\"name\":\"Camacho Fern\u00e1ndez\",\"description\":\"\",\"potentialAction\":[{\"@type\":\"SearchAction\",\"target\":{\"@type\":\"EntryPoint\",\"urlTemplate\":\"https:\/\/www.camachofernandez.com\/en\/?s={search_term_string}\"},\"query-input\":\"required name=search_term_string\"}],\"inLanguage\":\"en-US\"}]}<\/script>\n<!-- \/ Yoast SEO plugin. -->","yoast_head_json":{"title":"Environmental management consulting Costa Rica - Camacho Fern\u00e1ndez.","description":"Apoyamos en tr\u00e1mites ambientales ante SETENA como la evaluaci\u00f3n de impacto ambiental, formularios, estudios de impacto ambiental y planes de gesti\u00f3n ambiental.","robots":{"index":"index","follow":"follow","max-snippet":"max-snippet:-1","max-image-preview":"max-image-preview:large","max-video-preview":"max-video-preview:-1"},"canonical":"https:\/\/www.camachofernandez.com\/en\/areas-of-expertise\/environmental-management-consulting\/","og_locale":"en_US","og_type":"article","og_title":"Environmental management consulting Costa Rica - Camacho Fern\u00e1ndez.","og_description":"Apoyamos en tr\u00e1mites ambientales ante SETENA como la evaluaci\u00f3n de impacto ambiental, formularios, estudios de impacto ambiental y planes de gesti\u00f3n ambiental.","og_url":"https:\/\/www.camachofernandez.com\/en\/areas-of-expertise\/environmental-management-consulting\/","og_site_name":"Camacho Fern\u00e1ndez","article_modified_time":"2022-12-28T20:11:17+00:00","twitter_card":"summary_large_image","schema":{"@context":"https:\/\/schema.org","@graph":[{"@type":"WebPage","@id":"https:\/\/www.camachofernandez.com\/en\/areas-of-expertise\/environmental-management-consulting\/","url":"https:\/\/www.camachofernandez.com\/en\/areas-of-expertise\/environmental-management-consulting\/","name":"Environmental management consulting Costa Rica - Camacho Fern\u00e1ndez.","isPartOf":{"@id":"https:\/\/www.camachofernandez.com\/en\/#website"},"datePublished":"2020-07-02T14:53:37+00:00","dateModified":"2022-12-28T20:11:17+00:00","description":"Apoyamos en tr\u00e1mites ambientales ante SETENA como la evaluaci\u00f3n de impacto ambiental, formularios, estudios de impacto ambiental y planes de gesti\u00f3n ambiental.","breadcrumb":{"@id":"https:\/\/www.camachofernandez.com\/en\/areas-of-expertise\/environmental-management-consulting\/#breadcrumb"},"inLanguage":"en-US","potentialAction":[{"@type":"ReadAction","target":["https:\/\/www.camachofernandez.com\/en\/areas-of-expertise\/environmental-management-consulting\/"]}]},{"@type":"BreadcrumbList","@id":"https:\/\/www.camachofernandez.com\/en\/areas-of-expertise\/environmental-management-consulting\/#breadcrumb","itemListElement":[{"@type":"ListItem","position":1,"name":"Portada","item":"https:\/\/www.camachofernandez.com\/en\/"},{"@type":"ListItem","position":2,"name":"Areas of Expertise","item":"https:\/\/www.camachofernandez.com\/en\/areas-de-especialidad\/"},{"@type":"ListItem","position":3,"name":"Environmental management consulting"}]},{"@type":"WebSite","@id":"https:\/\/www.camachofernandez.com\/en\/#website","url":"https:\/\/www.camachofernandez.com\/en\/","name":"Camacho Fern\u00e1ndez","description":"","potentialAction":[{"@type":"SearchAction","target":{"@type":"EntryPoint","urlTemplate":"https:\/\/www.camachofernandez.com\/en\/?s={search_term_string}"},"query-input":"required name=search_term_string"}],"inLanguage":"en-US"}]}},"_links":{"self":[{"href":"https:\/\/www.camachofernandez.com\/en\/wp-json\/wp\/v2\/pages\/1500"}],"collection":[{"href":"https:\/\/www.camachofernandez.com\/en\/wp-json\/wp\/v2\/pages"}],"about":[{"href":"https:\/\/www.camachofernandez.com\/en\/wp-json\/wp\/v2\/types\/page"}],"author":[{"embeddable":true,"href":"https:\/\/www.camachofernandez.com\/en\/wp-json\/wp\/v2\/users\/2"}],"replies":[{"embeddable":true,"href":"https:\/\/www.camachofernandez.com\/en\/wp-json\/wp\/v2\/comments?post=1500"}],"version-history":[{"count":2,"href":"https:\/\/www.camachofernandez.com\/en\/wp-json\/wp\/v2\/pages\/1500\/revisions"}],"predecessor-version":[{"id":1502,"href":"https:\/\/www.camachofernandez.com\/en\/wp-json\/wp\/v2\/pages\/1500\/revisions\/1502"}],"up":[{"embeddable":true,"href":"https:\/\/www.camachofernandez.com\/en\/wp-json\/wp\/v2\/pages\/1452"}],"wp:attachment":[{"href":"https:\/\/www.camachofernandez.com\/en\/wp-json\/wp\/v2\/media?parent=1500"}],"curies":[{"name":"wp","href":"https:\/\/api.w.org\/{rel}","templated":true}]}}