{"id":1490,"date":"2020-07-02T14:51:55","date_gmt":"2020-07-02T14:51:55","guid":{"rendered":"https:\/\/www.camachofernandez.com\/areas-of-expertise\/civil-engineering\/otros\/"},"modified":"2022-12-28T20:01:50","modified_gmt":"2022-12-28T20:01:50","slug":"others","status":"publish","type":"page","link":"https:\/\/www.camachofernandez.com\/en\/areas-of-expertise\/civil-engineering\/others\/","title":{"rendered":"Others"},"content":{"rendered":"\t\t<div data-elementor-type=\"wp-page\" data-elementor-id=\"1490\" class=\"elementor elementor-1490 elementor-109\">\n\t\t\t\t\t\t<div class=\"elementor-inner\">\n\t\t\t\t<div class=\"elementor-section-wrap\">\n\t\t\t\t\t\t\t\t\t<section class=\"elementor-section elementor-top-section elementor-element elementor-element-2d68245e hide-background elementor-section-boxed elementor-section-height-default elementor-section-height-default\" data-id=\"2d68245e\" data-element_type=\"section\" data-settings=\"{&quot;background_background&quot;:&quot;classic&quot;}\">\n\t\t\t\t\t\t<div class=\"elementor-container elementor-column-gap-default\">\n\t\t\t\t\t\t\t<div class=\"elementor-row\">\n\t\t\t\t\t<div class=\"elementor-column elementor-col-100 elementor-top-column elementor-element elementor-element-16fd4891\" data-id=\"16fd4891\" data-element_type=\"column\">\n\t\t\t<div class=\"elementor-column-wrap elementor-element-populated\">\n\t\t\t\t\t\t\t<div class=\"elementor-widget-wrap\">\n\t\t\t\t\t\t<div class=\"elementor-element elementor-element-3380e894 elementor-widget elementor-widget-heading\" data-id=\"3380e894\" data-element_type=\"widget\" data-widget_type=\"heading.default\">\n\t\t\t\t<div class=\"elementor-widget-container\">\n\t\t\t<h2 class=\"elementor-heading-title elementor-size-default\"><span style=\"font-family: Gilroy ExtraBold; color: #222222;\">OTHERS<\/span><\/h2>\t\t<\/div>\n\t\t\t\t<\/div>\n\t\t\t\t\t\t<\/div>\n\t\t\t\t\t<\/div>\n\t\t<\/div>\n\t\t\t\t\t\t\t\t<\/div>\n\t\t\t\t\t<\/div>\n\t\t<\/section>\n\t\t\t\t<section class=\"elementor-section elementor-top-section elementor-element elementor-element-1696c6ab elementor-section-boxed elementor-section-height-default elementor-section-height-default\" data-id=\"1696c6ab\" data-element_type=\"section\" data-settings=\"{&quot;background_background&quot;:&quot;classic&quot;}\">\n\t\t\t\t\t\t<div class=\"elementor-container elementor-column-gap-default\">\n\t\t\t\t\t\t\t<div class=\"elementor-row\">\n\t\t\t\t\t<div class=\"elementor-column elementor-col-100 elementor-top-column elementor-element elementor-element-3307b2ca\" data-id=\"3307b2ca\" data-element_type=\"column\">\n\t\t\t<div class=\"elementor-column-wrap elementor-element-populated\">\n\t\t\t\t\t\t\t<div class=\"elementor-widget-wrap\">\n\t\t\t\t\t\t<section class=\"elementor-section elementor-inner-section elementor-element elementor-element-1ea2a19d elementor-section-boxed elementor-section-height-default elementor-section-height-default\" data-id=\"1ea2a19d\" data-element_type=\"section\">\n\t\t\t\t\t\t<div class=\"elementor-container elementor-column-gap-default\">\n\t\t\t\t\t\t\t<div class=\"elementor-row\">\n\t\t\t\t\t<div class=\"elementor-column elementor-col-50 elementor-inner-column elementor-element elementor-element-780832c9\" data-id=\"780832c9\" data-element_type=\"column\">\n\t\t\t<div class=\"elementor-column-wrap elementor-element-populated\">\n\t\t\t\t\t\t\t<div class=\"elementor-widget-wrap\">\n\t\t\t\t\t\t<div class=\"elementor-element elementor-element-24e1ffae elementor-widget elementor-widget-text-editor\" data-id=\"24e1ffae\" data-element_type=\"widget\" data-widget_type=\"text-editor.default\">\n\t\t\t\t<div class=\"elementor-widget-container\">\n\t\t\t\t\t\t\t\t<div class=\"elementor-text-editor elementor-clearfix\">\n\t\t\t\t\t\t\t\t\t<\/div>\n\t\t\t\t\t\t<\/div>\n\t\t\t\t<\/div>\n\t\t\t\t\t\t<\/div>\n\t\t\t\t\t<\/div>\n\t\t<\/div>\n\t\t\t\t<div class=\"elementor-column elementor-col-50 elementor-inner-column elementor-element elementor-element-103870d4\" data-id=\"103870d4\" data-element_type=\"column\">\n\t\t\t<div class=\"elementor-column-wrap\">\n\t\t\t\t\t\t\t<div class=\"elementor-widget-wrap\">\n\t\t\t\t\t\t\t\t<\/div>\n\t\t\t\t\t<\/div>\n\t\t<\/div>\n\t\t\t\t\t\t\t\t<\/div>\n\t\t\t\t\t<\/div>\n\t\t<\/section>\n\t\t\t\t\t\t<\/div>\n\t\t\t\t\t<\/div>\n\t\t<\/div>\n\t\t\t\t\t\t\t\t<\/div>\n\t\t\t\t\t<\/div>\n\t\t<\/section>\n\t\t\t\t<section class=\"elementor-section elementor-top-section elementor-element elementor-element-449c31c5 elementor-section-boxed elementor-section-height-default elementor-section-height-default\" data-id=\"449c31c5\" data-element_type=\"section\">\n\t\t\t\t\t\t<div class=\"elementor-container elementor-column-gap-default\">\n\t\t\t\t\t\t\t<div class=\"elementor-row\">\n\t\t\t\t\t<div class=\"elementor-column elementor-col-100 elementor-top-column elementor-element elementor-element-5c38a3c7\" data-id=\"5c38a3c7\" data-element_type=\"column\">\n\t\t\t<div class=\"elementor-column-wrap elementor-element-populated\">\n\t\t\t\t\t\t\t<div class=\"elementor-widget-wrap\">\n\t\t\t\t\t\t<div class=\"elementor-element elementor-element-3cde08fc elementor-widget elementor-widget-shortcode\" data-id=\"3cde08fc\" data-element_type=\"widget\" data-widget_type=\"shortcode.default\">\n\t\t\t\t<div class=\"elementor-widget-container\">\n\t\t\t\t\t<div class=\"elementor-shortcode\"><!-- PhotoBlocks for WordPress v1.2.9 free --><style> #photoblocks-8 {width: 100%;} #photoblocks-8 .pb-block {border-color: #333333;} #photoblocks-8 .pb-title {color: #ffffff;font-size: 20px;} #photoblocks-8 .pb-description {color: rgba(255, 255, 255, 0.7);font-size: 14px;} #photoblocks-8 .pb-block.pb-type-text .pb-overlay {} #photoblocks-8 .pb-block.pb-type-text .pb-title, #photoblocks-8 .pb-block.pb-type-text .pb-description {} #photoblocks-8 .pb-block.pb-type-text .pb-title {} #photoblocks-8 .pb-block.pb-type-text .pb-description {} #photoblocks-8 .pb-overlay {background: rgba(0, 0, 0, 0.75);} #photoblocks-8.pb-lift.show-empty-overlay .pb-block.pb-type-image:hover, #photoblocks-8.pb-lift .pb-block.pb-type-image.with-text:hover { box-shadow: rgba(0, 0, 0, 0.75) 0 0 20px; } #photoblocks-8 .pb-block { } #photoblocks-8 .pb-block .pb-social button {color: #ffffff;font-size: 14px;} #photoblocks-8 .pb-blocks .pb-type-image {max-width: calc( 100% - 10px )}<\/style><div class=\"photoblocks-gallery pb-blur pb-lift pb-effect-fade\" data-anim=\"fade\" id=\"photoblocks-8\"> <div class=\"pb-blocks\"> <div class=\"pb-block pb-landscape pb-height pb-type-image \" style=\"\" data-colspan=\"2\" data-rowspan=\"1\" data-col=\"0\" data-row=\"0\" data-valign=\"center\" data-halign=\"center\" data-type=\"image\" data-ratio=\"1.875\"> <img decoding=\"async\" class=\"pb-image skip-lazy \" src=\"data:image\/png;base64,iVBORw0KGgoAAAANSUhEUgAAAAEAAAABCAYAAAAfFcSJAAAADUlEQVR42mNkYPhfDwAChwGA60e6kgAAAABJRU5ErkJggg==\" data-pb-source=\"https:\/\/www.camachofernandez.com\/wp-content\/uploads\/2020\/07\/K5SL9109-1024x546.jpg\" alt=\"\"> <noscript><img decoding=\"async\" src=\"https:\/\/www.camachofernandez.com\/wp-content\/uploads\/2020\/07\/K5SL9109.jpg\" alt=\"\"><\/noscript> <a class=\"pb-link \" data-magnific=\"gallery-8\" data-caption=\"\" rel=\"\" target=\"\" href=\"https:\/\/www.camachofernandez.com\/wp-content\/uploads\/2020\/07\/K5SL9109.jpg\"> <\/a> <\/div> <div class=\"pb-block pb-landscape pb-width pb-type-image \" style=\"\" data-colspan=\"2\" data-rowspan=\"2\" data-col=\"2\" data-row=\"0\" data-valign=\"center\" data-halign=\"center\" data-type=\"image\" data-ratio=\"1.510067114094\"> <img decoding=\"async\" class=\"pb-image skip-lazy \" src=\"data:image\/png;base64,iVBORw0KGgoAAAANSUhEUgAAAAEAAAABCAYAAAAfFcSJAAAADUlEQVR42mNkYPhfDwAChwGA60e6kgAAAABJRU5ErkJggg==\" data-pb-source=\"https:\/\/www.camachofernandez.com\/wp-content\/uploads\/2020\/07\/K5SL9102-1024x678.jpg\" alt=\"\"> <noscript><img decoding=\"async\" src=\"https:\/\/www.camachofernandez.com\/wp-content\/uploads\/2020\/07\/K5SL9102.jpg\" alt=\"\"><\/noscript> <a class=\"pb-link \" data-magnific=\"gallery-8\" data-caption=\"\" rel=\"\" target=\"\" href=\"https:\/\/www.camachofernandez.com\/wp-content\/uploads\/2020\/07\/K5SL9102.jpg\"> <\/a> <\/div> <div class=\"pb-block pb-landscape pb-width pb-type-image \" style=\"\" data-colspan=\"1\" data-rowspan=\"1\" data-col=\"0\" data-row=\"1\" data-valign=\"center\" data-halign=\"center\" data-type=\"image\" data-ratio=\"1.510067114094\"> <img decoding=\"async\" class=\"pb-image skip-lazy \" src=\"data:image\/png;base64,iVBORw0KGgoAAAANSUhEUgAAAAEAAAABCAYAAAAfFcSJAAAADUlEQVR42mNkYPhfDwAChwGA60e6kgAAAABJRU5ErkJggg==\" data-pb-source=\"https:\/\/www.camachofernandez.com\/wp-content\/uploads\/2020\/07\/K5SL9093-1024x678.jpg\" alt=\"\"> <noscript><img decoding=\"async\" src=\"https:\/\/www.camachofernandez.com\/wp-content\/uploads\/2020\/07\/K5SL9093.jpg\" alt=\"\"><\/noscript> <a class=\"pb-link \" data-magnific=\"gallery-8\" data-caption=\"\" rel=\"\" target=\"\" href=\"https:\/\/www.camachofernandez.com\/wp-content\/uploads\/2020\/07\/K5SL9093.jpg\"> <\/a> <\/div> <div class=\"pb-block pb-landscape pb-width pb-type-image \" style=\"\" data-colspan=\"1\" data-rowspan=\"1\" data-col=\"1\" data-row=\"1\" data-valign=\"center\" data-halign=\"center\" data-type=\"image\" data-ratio=\"1.510067114094\"> <img decoding=\"async\" class=\"pb-image skip-lazy \" src=\"data:image\/png;base64,iVBORw0KGgoAAAANSUhEUgAAAAEAAAABCAYAAAAfFcSJAAAADUlEQVR42mNkYPhfDwAChwGA60e6kgAAAABJRU5ErkJggg==\" data-pb-source=\"https:\/\/www.camachofernandez.com\/wp-content\/uploads\/2020\/07\/K5SL9105-1024x678.jpg\" alt=\"\"> <noscript><img decoding=\"async\" src=\"https:\/\/www.camachofernandez.com\/wp-content\/uploads\/2020\/07\/K5SL9105.jpg\" alt=\"\"><\/noscript> <a class=\"pb-link \" data-magnific=\"gallery-8\" data-caption=\"\" rel=\"\" target=\"\" href=\"https:\/\/www.camachofernandez.com\/wp-content\/uploads\/2020\/07\/K5SL9105.jpg\"> <\/a> <\/div> <div class=\"pb-block pb-landscape pb-width pb-type-image \" style=\"\" data-colspan=\"1\" data-rowspan=\"1\" data-col=\"0\" data-row=\"2\" data-valign=\"center\" data-halign=\"center\" data-type=\"image\" data-ratio=\"1.510067114094\"> <img decoding=\"async\" class=\"pb-image skip-lazy \" src=\"data:image\/png;base64,iVBORw0KGgoAAAANSUhEUgAAAAEAAAABCAYAAAAfFcSJAAAADUlEQVR42mNkYPhfDwAChwGA60e6kgAAAABJRU5ErkJggg==\" data-pb-source=\"https:\/\/www.camachofernandez.com\/wp-content\/uploads\/2020\/07\/K5SL9097-1024x678.jpg\" alt=\"\"> <noscript><img decoding=\"async\" src=\"https:\/\/www.camachofernandez.com\/wp-content\/uploads\/2020\/07\/K5SL9097.jpg\" alt=\"\"><\/noscript> <a class=\"pb-link \" data-magnific=\"gallery-8\" data-caption=\"\" rel=\"\" target=\"\" href=\"https:\/\/www.camachofernandez.com\/wp-content\/uploads\/2020\/07\/K5SL9097.jpg\"> <\/a> <\/div> <div class=\"pb-block pb-landscape pb-height pb-type-image \" style=\"\" data-colspan=\"2\" data-rowspan=\"1\" data-col=\"1\" data-row=\"2\" data-valign=\"center\" data-halign=\"center\" data-type=\"image\" data-ratio=\"1.5\"> <img decoding=\"async\" class=\"pb-image skip-lazy \" src=\"data:image\/png;base64,iVBORw0KGgoAAAANSUhEUgAAAAEAAAABCAYAAAAfFcSJAAAADUlEQVR42mNkYPhfDwAChwGA60e6kgAAAABJRU5ErkJggg==\" data-pb-source=\"https:\/\/www.camachofernandez.com\/wp-content\/uploads\/2020\/07\/1I1A6926-1024x683.jpg\" alt=\"\"> <noscript><img decoding=\"async\" src=\"https:\/\/www.camachofernandez.com\/wp-content\/uploads\/2020\/07\/1I1A6926.jpg\" alt=\"\"><\/noscript> <a class=\"pb-link \" data-magnific=\"gallery-8\" data-caption=\"\" rel=\"\" target=\"\" href=\"https:\/\/www.camachofernandez.com\/wp-content\/uploads\/2020\/07\/1I1A6926.jpg\"> <\/a> <\/div> <div class=\"pb-block pb-landscape pb-width pb-type-image \" style=\"\" data-colspan=\"1\" data-rowspan=\"1\" data-col=\"3\" data-row=\"2\" data-valign=\"center\" data-halign=\"center\" data-type=\"image\" data-ratio=\"1.5\"> <img decoding=\"async\" class=\"pb-image skip-lazy \" src=\"data:image\/png;base64,iVBORw0KGgoAAAANSUhEUgAAAAEAAAABCAYAAAAfFcSJAAAADUlEQVR42mNkYPhfDwAChwGA60e6kgAAAABJRU5ErkJggg==\" data-pb-source=\"https:\/\/www.camachofernandez.com\/wp-content\/uploads\/2020\/07\/1I1A6838-1024x683.jpg\" alt=\"\"> <noscript><img decoding=\"async\" src=\"https:\/\/www.camachofernandez.com\/wp-content\/uploads\/2020\/07\/1I1A6838.jpg\" alt=\"\"><\/noscript> <a class=\"pb-link \" data-magnific=\"gallery-8\" data-caption=\"\" rel=\"\" target=\"\" href=\"https:\/\/www.camachofernandez.com\/wp-content\/uploads\/2020\/07\/1I1A6838.jpg\"> <\/a> <\/div> <div class=\"pb-block pb-landscape pb-width pb-type-image \" style=\"\" data-colspan=\"1\" data-rowspan=\"1\" data-col=\"0\" data-row=\"3\" data-valign=\"center\" data-halign=\"center\" data-type=\"image\" data-ratio=\"1.5\"> <img decoding=\"async\" class=\"pb-image skip-lazy \" src=\"data:image\/png;base64,iVBORw0KGgoAAAANSUhEUgAAAAEAAAABCAYAAAAfFcSJAAAADUlEQVR42mNkYPhfDwAChwGA60e6kgAAAABJRU5ErkJggg==\" data-pb-source=\"https:\/\/www.camachofernandez.com\/wp-content\/uploads\/2020\/07\/1I1A6929-1024x683.jpg\" alt=\"\"> <noscript><img decoding=\"async\" src=\"https:\/\/www.camachofernandez.com\/wp-content\/uploads\/2020\/07\/1I1A6929.jpg\" alt=\"\"><\/noscript> <a class=\"pb-link \" data-magnific=\"gallery-8\" data-caption=\"\" rel=\"\" target=\"\" href=\"https:\/\/www.camachofernandez.com\/wp-content\/uploads\/2020\/07\/1I1A6929.jpg\"> <\/a> <\/div> <div class=\"pb-block pb-landscape pb-width pb-type-image \" style=\"\" data-colspan=\"1\" data-rowspan=\"1\" data-col=\"1\" data-row=\"3\" data-valign=\"center\" data-halign=\"center\" data-type=\"image\" data-ratio=\"1.5\"> <img decoding=\"async\" class=\"pb-image skip-lazy \" src=\"data:image\/png;base64,iVBORw0KGgoAAAANSUhEUgAAAAEAAAABCAYAAAAfFcSJAAAADUlEQVR42mNkYPhfDwAChwGA60e6kgAAAABJRU5ErkJggg==\" data-pb-source=\"https:\/\/www.camachofernandez.com\/wp-content\/uploads\/2020\/07\/1I1A6913-1024x683.jpg\" alt=\"\"> <noscript><img decoding=\"async\" src=\"https:\/\/www.camachofernandez.com\/wp-content\/uploads\/2020\/07\/1I1A6913.jpg\" alt=\"\"><\/noscript> <a class=\"pb-link \" data-magnific=\"gallery-8\" data-caption=\"\" rel=\"\" target=\"\" href=\"https:\/\/www.camachofernandez.com\/wp-content\/uploads\/2020\/07\/1I1A6913.jpg\"> <\/a> <\/div> <div class=\"pb-block pb-landscape pb-height pb-type-image \" style=\"\" data-colspan=\"2\" data-rowspan=\"1\" data-col=\"2\" data-row=\"3\" data-valign=\"center\" data-halign=\"center\" data-type=\"image\" data-ratio=\"1.5\"> <img decoding=\"async\" class=\"pb-image skip-lazy \" src=\"data:image\/png;base64,iVBORw0KGgoAAAANSUhEUgAAAAEAAAABCAYAAAAfFcSJAAAADUlEQVR42mNkYPhfDwAChwGA60e6kgAAAABJRU5ErkJggg==\" data-pb-source=\"https:\/\/www.camachofernandez.com\/wp-content\/uploads\/2020\/07\/1I1A6919-1-1024x683.jpg\" alt=\"\"> <noscript><img decoding=\"async\" src=\"https:\/\/www.camachofernandez.com\/wp-content\/uploads\/2020\/07\/1I1A6919-1.jpg\" alt=\"\"><\/noscript> <a class=\"pb-link \" data-magnific=\"gallery-8\" data-caption=\"\" rel=\"\" target=\"\" href=\"https:\/\/www.camachofernandez.com\/wp-content\/uploads\/2020\/07\/1I1A6919-1.jpg\"> <\/a> <\/div> <\/div><\/div><div id=\"photoblocks-fancybox-8\"><\/div><script>jQuery(function () { var p = new PhotoBlocks({ selector: \"#photoblocks-8\", columns: 4, padding: 10, disable_below: 320, on: { before: function () { }, after: function () { }, refresh: function () { } }, mobile_layout: [], lazy: false, debug: false }); jQuery(\"#photoblocks-8\").magnificPopup({ delegate: \".pb-block:not(.pb-filtered) [data-magnific]\", type: \"image\", gallery: { enabled: true, preload: [0,2] }, image: { titleSrc: 'data-caption' }, mainClass: \"mfp-8\" }); });<\/script><\/div>\n\t\t\t\t<\/div>\n\t\t\t\t<\/div>\n\t\t\t\t\t\t<\/div>\n\t\t\t\t\t<\/div>\n\t\t<\/div>\n\t\t\t\t\t\t\t\t<\/div>\n\t\t\t\t\t<\/div>\n\t\t<\/section>\n\t\t\t\t\t\t\t\t\t<\/div>\n\t\t\t<\/div>\n\t\t\t\t\t<\/div>\n\t\t","protected":false},"excerpt":{"rendered":"<p>OTHERS<\/p>\n","protected":false},"author":2,"featured_media":0,"parent":1456,"menu_order":0,"comment_status":"closed","ping_status":"closed","template":"elementor_header_footer","meta":[],"yoast_head":"<!-- This site is optimized with the Yoast SEO plugin v20.10 - https:\/\/yoast.com\/wordpress\/plugins\/seo\/ -->\n<title>Proyectos de Ingenier\u00eda Civil Costa Rica - Camacho Fern\u00e1ndez<\/title>\n<meta name=\"description\" content=\"Proyectos de ingenier\u00eda civil en Costa Rica\" \/>\n<meta name=\"robots\" content=\"index, follow, max-snippet:-1, max-image-preview:large, max-video-preview:-1\" \/>\n<link rel=\"canonical\" href=\"https:\/\/www.camachofernandez.com\/en\/areas-of-expertise\/civil-engineering\/others\/\" \/>\n<meta property=\"og:locale\" content=\"en_US\" \/>\n<meta property=\"og:type\" content=\"article\" \/>\n<meta property=\"og:title\" content=\"Proyectos de Ingenier\u00eda Civil Costa Rica - Camacho Fern\u00e1ndez\" \/>\n<meta property=\"og:description\" content=\"Proyectos de ingenier\u00eda civil en Costa Rica\" \/>\n<meta property=\"og:url\" content=\"https:\/\/www.camachofernandez.com\/en\/areas-of-expertise\/civil-engineering\/others\/\" \/>\n<meta property=\"og:site_name\" content=\"Camacho Fern\u00e1ndez\" \/>\n<meta property=\"article:modified_time\" content=\"2022-12-28T20:01:50+00:00\" \/>\n<meta name=\"twitter:card\" content=\"summary_large_image\" \/>\n<script type=\"application\/ld+json\" class=\"yoast-schema-graph\">{\"@context\":\"https:\/\/schema.org\",\"@graph\":[{\"@type\":\"WebPage\",\"@id\":\"https:\/\/www.camachofernandez.com\/en\/areas-of-expertise\/civil-engineering\/others\/\",\"url\":\"https:\/\/www.camachofernandez.com\/en\/areas-of-expertise\/civil-engineering\/others\/\",\"name\":\"Proyectos de Ingenier\u00eda Civil Costa Rica - Camacho Fern\u00e1ndez\",\"isPartOf\":{\"@id\":\"https:\/\/www.camachofernandez.com\/en\/#website\"},\"datePublished\":\"2020-07-02T14:51:55+00:00\",\"dateModified\":\"2022-12-28T20:01:50+00:00\",\"description\":\"Proyectos de ingenier\u00eda civil en Costa Rica\",\"breadcrumb\":{\"@id\":\"https:\/\/www.camachofernandez.com\/en\/areas-of-expertise\/civil-engineering\/others\/#breadcrumb\"},\"inLanguage\":\"en-US\",\"potentialAction\":[{\"@type\":\"ReadAction\",\"target\":[\"https:\/\/www.camachofernandez.com\/en\/areas-of-expertise\/civil-engineering\/others\/\"]}]},{\"@type\":\"BreadcrumbList\",\"@id\":\"https:\/\/www.camachofernandez.com\/en\/areas-of-expertise\/civil-engineering\/others\/#breadcrumb\",\"itemListElement\":[{\"@type\":\"ListItem\",\"position\":1,\"name\":\"Portada\",\"item\":\"https:\/\/www.camachofernandez.com\/en\/\"},{\"@type\":\"ListItem\",\"position\":2,\"name\":\"Areas of Expertise\",\"item\":\"https:\/\/www.camachofernandez.com\/en\/areas-de-especialidad\/\"},{\"@type\":\"ListItem\",\"position\":3,\"name\":\"Civil Engineering\",\"item\":\"https:\/\/www.camachofernandez.com\/en\/areas-de-especialidad\/ingenieria-civil\/\"},{\"@type\":\"ListItem\",\"position\":4,\"name\":\"Others\"}]},{\"@type\":\"WebSite\",\"@id\":\"https:\/\/www.camachofernandez.com\/en\/#website\",\"url\":\"https:\/\/www.camachofernandez.com\/en\/\",\"name\":\"Camacho Fern\u00e1ndez\",\"description\":\"\",\"potentialAction\":[{\"@type\":\"SearchAction\",\"target\":{\"@type\":\"EntryPoint\",\"urlTemplate\":\"https:\/\/www.camachofernandez.com\/en\/?s={search_term_string}\"},\"query-input\":\"required name=search_term_string\"}],\"inLanguage\":\"en-US\"}]}<\/script>\n<!-- \/ Yoast SEO plugin. -->","yoast_head_json":{"title":"Proyectos de Ingenier\u00eda Civil Costa Rica - Camacho Fern\u00e1ndez","description":"Proyectos de ingenier\u00eda civil en Costa Rica","robots":{"index":"index","follow":"follow","max-snippet":"max-snippet:-1","max-image-preview":"max-image-preview:large","max-video-preview":"max-video-preview:-1"},"canonical":"https:\/\/www.camachofernandez.com\/en\/areas-of-expertise\/civil-engineering\/others\/","og_locale":"en_US","og_type":"article","og_title":"Proyectos de Ingenier\u00eda Civil Costa Rica - Camacho Fern\u00e1ndez","og_description":"Proyectos de ingenier\u00eda civil en Costa Rica","og_url":"https:\/\/www.camachofernandez.com\/en\/areas-of-expertise\/civil-engineering\/others\/","og_site_name":"Camacho Fern\u00e1ndez","article_modified_time":"2022-12-28T20:01:50+00:00","twitter_card":"summary_large_image","schema":{"@context":"https:\/\/schema.org","@graph":[{"@type":"WebPage","@id":"https:\/\/www.camachofernandez.com\/en\/areas-of-expertise\/civil-engineering\/others\/","url":"https:\/\/www.camachofernandez.com\/en\/areas-of-expertise\/civil-engineering\/others\/","name":"Proyectos de Ingenier\u00eda Civil Costa Rica - Camacho Fern\u00e1ndez","isPartOf":{"@id":"https:\/\/www.camachofernandez.com\/en\/#website"},"datePublished":"2020-07-02T14:51:55+00:00","dateModified":"2022-12-28T20:01:50+00:00","description":"Proyectos de ingenier\u00eda civil en Costa Rica","breadcrumb":{"@id":"https:\/\/www.camachofernandez.com\/en\/areas-of-expertise\/civil-engineering\/others\/#breadcrumb"},"inLanguage":"en-US","potentialAction":[{"@type":"ReadAction","target":["https:\/\/www.camachofernandez.com\/en\/areas-of-expertise\/civil-engineering\/others\/"]}]},{"@type":"BreadcrumbList","@id":"https:\/\/www.camachofernandez.com\/en\/areas-of-expertise\/civil-engineering\/others\/#breadcrumb","itemListElement":[{"@type":"ListItem","position":1,"name":"Portada","item":"https:\/\/www.camachofernandez.com\/en\/"},{"@type":"ListItem","position":2,"name":"Areas of Expertise","item":"https:\/\/www.camachofernandez.com\/en\/areas-de-especialidad\/"},{"@type":"ListItem","position":3,"name":"Civil Engineering","item":"https:\/\/www.camachofernandez.com\/en\/areas-de-especialidad\/ingenieria-civil\/"},{"@type":"ListItem","position":4,"name":"Others"}]},{"@type":"WebSite","@id":"https:\/\/www.camachofernandez.com\/en\/#website","url":"https:\/\/www.camachofernandez.com\/en\/","name":"Camacho Fern\u00e1ndez","description":"","potentialAction":[{"@type":"SearchAction","target":{"@type":"EntryPoint","urlTemplate":"https:\/\/www.camachofernandez.com\/en\/?s={search_term_string}"},"query-input":"required name=search_term_string"}],"inLanguage":"en-US"}]}},"_links":{"self":[{"href":"https:\/\/www.camachofernandez.com\/en\/wp-json\/wp\/v2\/pages\/1490"}],"collection":[{"href":"https:\/\/www.camachofernandez.com\/en\/wp-json\/wp\/v2\/pages"}],"about":[{"href":"https:\/\/www.camachofernandez.com\/en\/wp-json\/wp\/v2\/types\/page"}],"author":[{"embeddable":true,"href":"https:\/\/www.camachofernandez.com\/en\/wp-json\/wp\/v2\/users\/2"}],"replies":[{"embeddable":true,"href":"https:\/\/www.camachofernandez.com\/en\/wp-json\/wp\/v2\/comments?post=1490"}],"version-history":[{"count":2,"href":"https:\/\/www.camachofernandez.com\/en\/wp-json\/wp\/v2\/pages\/1490\/revisions"}],"predecessor-version":[{"id":1492,"href":"https:\/\/www.camachofernandez.com\/en\/wp-json\/wp\/v2\/pages\/1490\/revisions\/1492"}],"up":[{"embeddable":true,"href":"https:\/\/www.camachofernandez.com\/en\/wp-json\/wp\/v2\/pages\/1456"}],"wp:attachment":[{"href":"https:\/\/www.camachofernandez.com\/en\/wp-json\/wp\/v2\/media?parent=1490"}],"curies":[{"name":"wp","href":"https:\/\/api.w.org\/{rel}","templated":true}]}}