{"id":1486,"date":"2020-07-10T20:57:56","date_gmt":"2020-07-10T20:57:56","guid":{"rendered":"https:\/\/www.camachofernandez.com\/areas-of-expertise\/civil-engineering\/obras-viales\/"},"modified":"2022-12-28T19:59:37","modified_gmt":"2022-12-28T19:59:37","slug":"road-works","status":"publish","type":"page","link":"https:\/\/www.camachofernandez.com\/en\/areas-of-expertise\/civil-engineering\/road-works\/","title":{"rendered":"Road works"},"content":{"rendered":"\t\t<div data-elementor-type=\"wp-page\" data-elementor-id=\"1486\" class=\"elementor elementor-1486 elementor-561\">\n\t\t\t\t\t\t<div class=\"elementor-inner\">\n\t\t\t\t<div class=\"elementor-section-wrap\">\n\t\t\t\t\t\t\t\t\t<section class=\"elementor-section elementor-top-section elementor-element elementor-element-3ad0c72 elementor-section-boxed elementor-section-height-default elementor-section-height-default\" data-id=\"3ad0c72\" data-element_type=\"section\">\n\t\t\t\t\t\t<div class=\"elementor-container elementor-column-gap-default\">\n\t\t\t\t\t\t\t<div class=\"elementor-row\">\n\t\t\t\t\t<div class=\"elementor-column elementor-col-100 elementor-top-column elementor-element elementor-element-708d19c\" data-id=\"708d19c\" data-element_type=\"column\">\n\t\t\t<div class=\"elementor-column-wrap elementor-element-populated\">\n\t\t\t\t\t\t\t<div class=\"elementor-widget-wrap\">\n\t\t\t\t\t\t<div class=\"elementor-element elementor-element-1dc3a7cb elementor-widget elementor-widget-heading\" data-id=\"1dc3a7cb\" data-element_type=\"widget\" data-widget_type=\"heading.default\">\n\t\t\t\t<div class=\"elementor-widget-container\">\n\t\t\t<h2 class=\"elementor-heading-title elementor-size-default\"><span style=\"font-family: Gilroy ExtraBold; color: #222222;\">ROAD <\/span><br>WORKS<\/h2>\t\t<\/div>\n\t\t\t\t<\/div>\n\t\t\t\t\t\t<\/div>\n\t\t\t\t\t<\/div>\n\t\t<\/div>\n\t\t\t\t\t\t\t\t<\/div>\n\t\t\t\t\t<\/div>\n\t\t<\/section>\n\t\t\t\t<section class=\"elementor-section elementor-top-section elementor-element elementor-element-280f8c02 hide-background elementor-section-boxed elementor-section-height-default elementor-section-height-default\" data-id=\"280f8c02\" data-element_type=\"section\" data-settings=\"{&quot;background_background&quot;:&quot;classic&quot;}\">\n\t\t\t\t\t\t<div class=\"elementor-container elementor-column-gap-default\">\n\t\t\t\t\t\t\t<div class=\"elementor-row\">\n\t\t\t\t\t<div class=\"elementor-column elementor-col-100 elementor-top-column elementor-element elementor-element-24c7202a\" data-id=\"24c7202a\" data-element_type=\"column\">\n\t\t\t<div class=\"elementor-column-wrap elementor-element-populated\">\n\t\t\t\t\t\t\t<div class=\"elementor-widget-wrap\">\n\t\t\t\t\t\t<section class=\"elementor-section elementor-inner-section elementor-element elementor-element-2bf42037 elementor-section-boxed elementor-section-height-default elementor-section-height-default\" data-id=\"2bf42037\" data-element_type=\"section\">\n\t\t\t\t\t\t<div class=\"elementor-container elementor-column-gap-default\">\n\t\t\t\t\t\t\t<div class=\"elementor-row\">\n\t\t\t\t\t<div class=\"elementor-column elementor-col-50 elementor-inner-column elementor-element elementor-element-123bf0e9\" data-id=\"123bf0e9\" data-element_type=\"column\">\n\t\t\t<div class=\"elementor-column-wrap elementor-element-populated\">\n\t\t\t\t\t\t\t<div class=\"elementor-widget-wrap\">\n\t\t\t\t\t\t<div class=\"elementor-element elementor-element-b7bff9e elementor-widget elementor-widget-text-editor\" data-id=\"b7bff9e\" data-element_type=\"widget\" data-widget_type=\"text-editor.default\">\n\t\t\t\t<div class=\"elementor-widget-container\">\n\t\t\t\t\t\t\t\t<div class=\"elementor-text-editor elementor-clearfix\">\n\t\t\t\t<p style=\"font-weight: 400;\">We understand the country&#8217;s road infrastructure needs and are committed to providing excellent service.<\/p><p style=\"font-weight: 400;\">We design projects that contribute to the development of the country complying with high quality standards that guarantee the correct functionality of the designs.<\/p>\t\t\t\t\t<\/div>\n\t\t\t\t\t\t<\/div>\n\t\t\t\t<\/div>\n\t\t\t\t\t\t<\/div>\n\t\t\t\t\t<\/div>\n\t\t<\/div>\n\t\t\t\t<div class=\"elementor-column elementor-col-50 elementor-inner-column elementor-element elementor-element-38f5954\" data-id=\"38f5954\" data-element_type=\"column\">\n\t\t\t<div class=\"elementor-column-wrap\">\n\t\t\t\t\t\t\t<div class=\"elementor-widget-wrap\">\n\t\t\t\t\t\t\t\t<\/div>\n\t\t\t\t\t<\/div>\n\t\t<\/div>\n\t\t\t\t\t\t\t\t<\/div>\n\t\t\t\t\t<\/div>\n\t\t<\/section>\n\t\t\t\t\t\t<\/div>\n\t\t\t\t\t<\/div>\n\t\t<\/div>\n\t\t\t\t\t\t\t\t<\/div>\n\t\t\t\t\t<\/div>\n\t\t<\/section>\n\t\t\t\t<section class=\"elementor-section elementor-top-section elementor-element elementor-element-2df8c1d1 elementor-section-boxed elementor-section-height-default elementor-section-height-default\" data-id=\"2df8c1d1\" data-element_type=\"section\">\n\t\t\t\t\t\t<div class=\"elementor-container elementor-column-gap-default\">\n\t\t\t\t\t\t\t<div class=\"elementor-row\">\n\t\t\t\t\t<div class=\"elementor-column elementor-col-100 elementor-top-column elementor-element elementor-element-7a35f82b\" data-id=\"7a35f82b\" data-element_type=\"column\">\n\t\t\t<div class=\"elementor-column-wrap elementor-element-populated\">\n\t\t\t\t\t\t\t<div class=\"elementor-widget-wrap\">\n\t\t\t\t\t\t<div class=\"elementor-element elementor-element-11f1b82a elementor-widget elementor-widget-shortcode\" data-id=\"11f1b82a\" data-element_type=\"widget\" data-widget_type=\"shortcode.default\">\n\t\t\t\t<div class=\"elementor-widget-container\">\n\t\t\t\t\t<div class=\"elementor-shortcode\"><!-- PhotoBlocks for WordPress v1.2.9 free --><style> #photoblocks-12 {width: 100%;} #photoblocks-12 .pb-block {border-color: #333333;} #photoblocks-12 .pb-title {color: #ffffff;font-size: 20px;} #photoblocks-12 .pb-description {color: rgba(255, 255, 255, 0.7);font-size: 14px;} #photoblocks-12 .pb-block.pb-type-text .pb-overlay {} #photoblocks-12 .pb-block.pb-type-text .pb-title, #photoblocks-12 .pb-block.pb-type-text .pb-description {} #photoblocks-12 .pb-block.pb-type-text .pb-title {} #photoblocks-12 .pb-block.pb-type-text .pb-description {} #photoblocks-12 .pb-overlay {background: rgba(0, 0, 0, 0.75);} #photoblocks-12.pb-lift.show-empty-overlay .pb-block.pb-type-image:hover, #photoblocks-12.pb-lift .pb-block.pb-type-image.with-text:hover { box-shadow: rgba(0, 0, 0, 0.75) 0 0 20px; } #photoblocks-12 .pb-block { } #photoblocks-12 .pb-block .pb-social button {color: #ffffff;font-size: 14px;} #photoblocks-12 .pb-blocks .pb-type-image {max-width: calc( 100% - 10px )}<\/style><div class=\"photoblocks-gallery pb-blur pb-lift pb-effect-fade\" data-anim=\"fade\" id=\"photoblocks-12\"> <div class=\"pb-blocks\"> <div class=\"pb-block pb-landscape pb-height pb-type-image \" style=\"\" data-colspan=\"2\" data-rowspan=\"1\" data-col=\"0\" data-row=\"0\" data-valign=\"center\" data-halign=\"center\" data-type=\"image\" data-ratio=\"1.3326752221125\"> <img decoding=\"async\" class=\"pb-image skip-lazy \" src=\"data:image\/png;base64,iVBORw0KGgoAAAANSUhEUgAAAAEAAAABCAYAAAAfFcSJAAAADUlEQVR42mNkYPhfDwAChwGA60e6kgAAAABJRU5ErkJggg==\" data-pb-source=\"https:\/\/www.camachofernandez.com\/wp-content\/uploads\/2020\/07\/DSC02676-1024x768.jpg\" alt=\"\"> <noscript><img decoding=\"async\" src=\"https:\/\/www.camachofernandez.com\/wp-content\/uploads\/2020\/07\/DSC02676.jpg\" alt=\"\"><\/noscript> <a class=\"pb-link \" data-magnific=\"gallery-12\" data-caption=\"\" rel=\"\" target=\"\" href=\"https:\/\/www.camachofernandez.com\/wp-content\/uploads\/2020\/07\/DSC02676.jpg\"> <\/a> <\/div> <div class=\"pb-block pb-landscape pb-width pb-type-image \" style=\"\" data-colspan=\"1\" data-rowspan=\"1\" data-col=\"2\" data-row=\"0\" data-valign=\"center\" data-halign=\"center\" data-type=\"image\" data-ratio=\"1.3326752221125\"> <img decoding=\"async\" class=\"pb-image skip-lazy \" src=\"data:image\/png;base64,iVBORw0KGgoAAAANSUhEUgAAAAEAAAABCAYAAAAfFcSJAAAADUlEQVR42mNkYPhfDwAChwGA60e6kgAAAABJRU5ErkJggg==\" data-pb-source=\"https:\/\/www.camachofernandez.com\/wp-content\/uploads\/2020\/07\/DSC01942-1024x768.jpg\" alt=\"\"> <noscript><img decoding=\"async\" src=\"https:\/\/www.camachofernandez.com\/wp-content\/uploads\/2020\/07\/DSC01942.jpg\" alt=\"\"><\/noscript> <a class=\"pb-link \" data-magnific=\"gallery-12\" data-caption=\"\" rel=\"\" target=\"\" href=\"https:\/\/www.camachofernandez.com\/wp-content\/uploads\/2020\/07\/DSC01942.jpg\"> <\/a> <\/div> <div class=\"pb-block pb-landscape pb-width pb-type-image \" style=\"\" data-colspan=\"1\" data-rowspan=\"1\" data-col=\"3\" data-row=\"0\" data-valign=\"center\" data-halign=\"center\" data-type=\"image\" data-ratio=\"1.3326752221125\"> <img decoding=\"async\" class=\"pb-image skip-lazy \" src=\"data:image\/png;base64,iVBORw0KGgoAAAANSUhEUgAAAAEAAAABCAYAAAAfFcSJAAAADUlEQVR42mNkYPhfDwAChwGA60e6kgAAAABJRU5ErkJggg==\" data-pb-source=\"https:\/\/www.camachofernandez.com\/wp-content\/uploads\/2020\/07\/DSC03694-1024x768.jpg\" alt=\"\"> <noscript><img decoding=\"async\" src=\"https:\/\/www.camachofernandez.com\/wp-content\/uploads\/2020\/07\/DSC03694.jpg\" alt=\"\"><\/noscript> <a class=\"pb-link \" data-magnific=\"gallery-12\" data-caption=\"\" rel=\"\" target=\"\" href=\"https:\/\/www.camachofernandez.com\/wp-content\/uploads\/2020\/07\/DSC03694.jpg\"> <\/a> <\/div> <div class=\"pb-block pb-landscape pb-width pb-type-image \" style=\"\" data-colspan=\"1\" data-rowspan=\"2\" data-col=\"0\" data-row=\"1\" data-valign=\"center\" data-halign=\"center\" data-type=\"image\" data-ratio=\"1.3326752221125\"> <img decoding=\"async\" class=\"pb-image skip-lazy \" src=\"data:image\/png;base64,iVBORw0KGgoAAAANSUhEUgAAAAEAAAABCAYAAAAfFcSJAAAADUlEQVR42mNkYPhfDwAChwGA60e6kgAAAABJRU5ErkJggg==\" data-pb-source=\"https:\/\/www.camachofernandez.com\/wp-content\/uploads\/2020\/07\/Plaza-San-Rafael-1024x768.jpg\" alt=\"\"> <noscript><img decoding=\"async\" src=\"https:\/\/www.camachofernandez.com\/wp-content\/uploads\/2020\/07\/Plaza-San-Rafael.jpg\" alt=\"\"><\/noscript> <a class=\"pb-link \" data-magnific=\"gallery-12\" data-caption=\"\" rel=\"\" target=\"\" href=\"https:\/\/www.camachofernandez.com\/wp-content\/uploads\/2020\/07\/Plaza-San-Rafael.jpg\"> <\/a> <\/div> <div class=\"pb-block pb-landscape pb-width pb-type-image \" style=\"\" data-colspan=\"2\" data-rowspan=\"2\" data-col=\"1\" data-row=\"1\" data-valign=\"center\" data-halign=\"center\" data-type=\"image\" data-ratio=\"1.3326752221125\"> <img decoding=\"async\" class=\"pb-image skip-lazy \" src=\"data:image\/png;base64,iVBORw0KGgoAAAANSUhEUgAAAAEAAAABCAYAAAAfFcSJAAAADUlEQVR42mNkYPhfDwAChwGA60e6kgAAAABJRU5ErkJggg==\" data-pb-source=\"https:\/\/www.camachofernandez.com\/wp-content\/uploads\/2020\/07\/DSC02675-1024x768.jpg\" alt=\"\"> <noscript><img decoding=\"async\" src=\"https:\/\/www.camachofernandez.com\/wp-content\/uploads\/2020\/07\/DSC02675.jpg\" alt=\"\"><\/noscript> <a class=\"pb-link \" data-magnific=\"gallery-12\" data-caption=\"\" rel=\"\" target=\"\" href=\"https:\/\/www.camachofernandez.com\/wp-content\/uploads\/2020\/07\/DSC02675.jpg\"> <\/a> <\/div> <div class=\"pb-block pb-landscape pb-width pb-type-image \" style=\"\" data-colspan=\"1\" data-rowspan=\"2\" data-col=\"3\" data-row=\"1\" data-valign=\"center\" data-halign=\"center\" data-type=\"image\" data-ratio=\"1.3326752221125\"> <img decoding=\"async\" class=\"pb-image skip-lazy \" src=\"data:image\/png;base64,iVBORw0KGgoAAAANSUhEUgAAAAEAAAABCAYAAAAfFcSJAAAADUlEQVR42mNkYPhfDwAChwGA60e6kgAAAABJRU5ErkJggg==\" data-pb-source=\"https:\/\/www.camachofernandez.com\/wp-content\/uploads\/2020\/07\/DSC01889-1024x768.jpg\" alt=\"\"> <noscript><img decoding=\"async\" src=\"https:\/\/www.camachofernandez.com\/wp-content\/uploads\/2020\/07\/DSC01889.jpg\" alt=\"\"><\/noscript> <a class=\"pb-link \" data-magnific=\"gallery-12\" data-caption=\"\" rel=\"\" target=\"\" href=\"https:\/\/www.camachofernandez.com\/wp-content\/uploads\/2020\/07\/DSC01889.jpg\"> <\/a> <\/div> <\/div><\/div><div id=\"photoblocks-fancybox-12\"><\/div><script>jQuery(function () { var p = new PhotoBlocks({ selector: \"#photoblocks-12\", columns: 4, padding: 10, disable_below: 320, on: { before: function () { }, after: function () { }, refresh: function () { } }, mobile_layout: [], lazy: false, debug: false }); jQuery(\"#photoblocks-12\").magnificPopup({ delegate: \".pb-block:not(.pb-filtered) [data-magnific]\", type: \"image\", gallery: { enabled: true, preload: [0,2] }, image: { titleSrc: 'data-caption' }, mainClass: \"mfp-12\" }); });<\/script><\/div>\n\t\t\t\t<\/div>\n\t\t\t\t<\/div>\n\t\t\t\t\t\t<\/div>\n\t\t\t\t\t<\/div>\n\t\t<\/div>\n\t\t\t\t\t\t\t\t<\/div>\n\t\t\t\t\t<\/div>\n\t\t<\/section>\n\t\t\t\t\t\t\t\t\t<\/div>\n\t\t\t<\/div>\n\t\t\t\t\t<\/div>\n\t\t","protected":false},"excerpt":{"rendered":"<p>ROAD WORKS We understand the country&#8217;s road infrastructure needs and are committed to providing excellent service. We design projects that contribute to the development of the<span class=\"excerpt-hellip\"> [\u2026]<\/span><\/p>\n","protected":false},"author":2,"featured_media":0,"parent":1456,"menu_order":0,"comment_status":"closed","ping_status":"closed","template":"elementor_header_footer","meta":[],"yoast_head":"<!-- This site is optimized with the Yoast SEO plugin v20.10 - https:\/\/yoast.com\/wordpress\/plugins\/seo\/ -->\n<title>Road works Costa Rica - Camacho Fern\u00e1ndez<\/title>\n<meta name=\"description\" content=\"Planificaci\u00f3n, dise\u00f1o, pavimentaci\u00f3n de obras viales pensadas en el desarrollo del pa\u00eds cumpliendo con altos est\u00e1ndares de calidad que garanticen la correcta funcionalidad de los dise\u00f1os realizados.\" \/>\n<meta name=\"robots\" content=\"index, follow, max-snippet:-1, max-image-preview:large, max-video-preview:-1\" \/>\n<link rel=\"canonical\" href=\"https:\/\/www.camachofernandez.com\/en\/areas-of-expertise\/civil-engineering\/road-works\/\" \/>\n<meta property=\"og:locale\" content=\"en_US\" \/>\n<meta property=\"og:type\" content=\"article\" \/>\n<meta property=\"og:title\" content=\"Road works Costa Rica - Camacho Fern\u00e1ndez\" \/>\n<meta property=\"og:description\" content=\"Planificaci\u00f3n, dise\u00f1o, pavimentaci\u00f3n de obras viales pensadas en el desarrollo del pa\u00eds cumpliendo con altos est\u00e1ndares de calidad que garanticen la correcta funcionalidad de los dise\u00f1os realizados.\" \/>\n<meta property=\"og:url\" content=\"https:\/\/www.camachofernandez.com\/en\/areas-of-expertise\/civil-engineering\/road-works\/\" \/>\n<meta property=\"og:site_name\" content=\"Camacho Fern\u00e1ndez\" \/>\n<meta property=\"article:modified_time\" content=\"2022-12-28T19:59:37+00:00\" \/>\n<meta name=\"twitter:card\" content=\"summary_large_image\" \/>\n<script type=\"application\/ld+json\" class=\"yoast-schema-graph\">{\"@context\":\"https:\/\/schema.org\",\"@graph\":[{\"@type\":\"WebPage\",\"@id\":\"https:\/\/www.camachofernandez.com\/en\/areas-of-expertise\/civil-engineering\/road-works\/\",\"url\":\"https:\/\/www.camachofernandez.com\/en\/areas-of-expertise\/civil-engineering\/road-works\/\",\"name\":\"Road works Costa Rica - Camacho Fern\u00e1ndez\",\"isPartOf\":{\"@id\":\"https:\/\/www.camachofernandez.com\/en\/#website\"},\"datePublished\":\"2020-07-10T20:57:56+00:00\",\"dateModified\":\"2022-12-28T19:59:37+00:00\",\"description\":\"Planificaci\u00f3n, dise\u00f1o, pavimentaci\u00f3n de obras viales pensadas en el desarrollo del pa\u00eds cumpliendo con altos est\u00e1ndares de calidad que garanticen la correcta funcionalidad de los dise\u00f1os realizados.\",\"breadcrumb\":{\"@id\":\"https:\/\/www.camachofernandez.com\/en\/areas-of-expertise\/civil-engineering\/road-works\/#breadcrumb\"},\"inLanguage\":\"en-US\",\"potentialAction\":[{\"@type\":\"ReadAction\",\"target\":[\"https:\/\/www.camachofernandez.com\/en\/areas-of-expertise\/civil-engineering\/road-works\/\"]}]},{\"@type\":\"BreadcrumbList\",\"@id\":\"https:\/\/www.camachofernandez.com\/en\/areas-of-expertise\/civil-engineering\/road-works\/#breadcrumb\",\"itemListElement\":[{\"@type\":\"ListItem\",\"position\":1,\"name\":\"Portada\",\"item\":\"https:\/\/www.camachofernandez.com\/en\/\"},{\"@type\":\"ListItem\",\"position\":2,\"name\":\"Areas of Expertise\",\"item\":\"https:\/\/www.camachofernandez.com\/en\/areas-de-especialidad\/\"},{\"@type\":\"ListItem\",\"position\":3,\"name\":\"Civil Engineering\",\"item\":\"https:\/\/www.camachofernandez.com\/en\/areas-de-especialidad\/ingenieria-civil\/\"},{\"@type\":\"ListItem\",\"position\":4,\"name\":\"Road works\"}]},{\"@type\":\"WebSite\",\"@id\":\"https:\/\/www.camachofernandez.com\/en\/#website\",\"url\":\"https:\/\/www.camachofernandez.com\/en\/\",\"name\":\"Camacho Fern\u00e1ndez\",\"description\":\"\",\"potentialAction\":[{\"@type\":\"SearchAction\",\"target\":{\"@type\":\"EntryPoint\",\"urlTemplate\":\"https:\/\/www.camachofernandez.com\/en\/?s={search_term_string}\"},\"query-input\":\"required name=search_term_string\"}],\"inLanguage\":\"en-US\"}]}<\/script>\n<!-- \/ Yoast SEO plugin. -->","yoast_head_json":{"title":"Road works Costa Rica - Camacho Fern\u00e1ndez","description":"Planificaci\u00f3n, dise\u00f1o, pavimentaci\u00f3n de obras viales pensadas en el desarrollo del pa\u00eds cumpliendo con altos est\u00e1ndares de calidad que garanticen la correcta funcionalidad de los dise\u00f1os realizados.","robots":{"index":"index","follow":"follow","max-snippet":"max-snippet:-1","max-image-preview":"max-image-preview:large","max-video-preview":"max-video-preview:-1"},"canonical":"https:\/\/www.camachofernandez.com\/en\/areas-of-expertise\/civil-engineering\/road-works\/","og_locale":"en_US","og_type":"article","og_title":"Road works Costa Rica - Camacho Fern\u00e1ndez","og_description":"Planificaci\u00f3n, dise\u00f1o, pavimentaci\u00f3n de obras viales pensadas en el desarrollo del pa\u00eds cumpliendo con altos est\u00e1ndares de calidad que garanticen la correcta funcionalidad de los dise\u00f1os realizados.","og_url":"https:\/\/www.camachofernandez.com\/en\/areas-of-expertise\/civil-engineering\/road-works\/","og_site_name":"Camacho Fern\u00e1ndez","article_modified_time":"2022-12-28T19:59:37+00:00","twitter_card":"summary_large_image","schema":{"@context":"https:\/\/schema.org","@graph":[{"@type":"WebPage","@id":"https:\/\/www.camachofernandez.com\/en\/areas-of-expertise\/civil-engineering\/road-works\/","url":"https:\/\/www.camachofernandez.com\/en\/areas-of-expertise\/civil-engineering\/road-works\/","name":"Road works Costa Rica - Camacho Fern\u00e1ndez","isPartOf":{"@id":"https:\/\/www.camachofernandez.com\/en\/#website"},"datePublished":"2020-07-10T20:57:56+00:00","dateModified":"2022-12-28T19:59:37+00:00","description":"Planificaci\u00f3n, dise\u00f1o, pavimentaci\u00f3n de obras viales pensadas en el desarrollo del pa\u00eds cumpliendo con altos est\u00e1ndares de calidad que garanticen la correcta funcionalidad de los dise\u00f1os realizados.","breadcrumb":{"@id":"https:\/\/www.camachofernandez.com\/en\/areas-of-expertise\/civil-engineering\/road-works\/#breadcrumb"},"inLanguage":"en-US","potentialAction":[{"@type":"ReadAction","target":["https:\/\/www.camachofernandez.com\/en\/areas-of-expertise\/civil-engineering\/road-works\/"]}]},{"@type":"BreadcrumbList","@id":"https:\/\/www.camachofernandez.com\/en\/areas-of-expertise\/civil-engineering\/road-works\/#breadcrumb","itemListElement":[{"@type":"ListItem","position":1,"name":"Portada","item":"https:\/\/www.camachofernandez.com\/en\/"},{"@type":"ListItem","position":2,"name":"Areas of Expertise","item":"https:\/\/www.camachofernandez.com\/en\/areas-de-especialidad\/"},{"@type":"ListItem","position":3,"name":"Civil Engineering","item":"https:\/\/www.camachofernandez.com\/en\/areas-de-especialidad\/ingenieria-civil\/"},{"@type":"ListItem","position":4,"name":"Road works"}]},{"@type":"WebSite","@id":"https:\/\/www.camachofernandez.com\/en\/#website","url":"https:\/\/www.camachofernandez.com\/en\/","name":"Camacho Fern\u00e1ndez","description":"","potentialAction":[{"@type":"SearchAction","target":{"@type":"EntryPoint","urlTemplate":"https:\/\/www.camachofernandez.com\/en\/?s={search_term_string}"},"query-input":"required name=search_term_string"}],"inLanguage":"en-US"}]}},"_links":{"self":[{"href":"https:\/\/www.camachofernandez.com\/en\/wp-json\/wp\/v2\/pages\/1486"}],"collection":[{"href":"https:\/\/www.camachofernandez.com\/en\/wp-json\/wp\/v2\/pages"}],"about":[{"href":"https:\/\/www.camachofernandez.com\/en\/wp-json\/wp\/v2\/types\/page"}],"author":[{"embeddable":true,"href":"https:\/\/www.camachofernandez.com\/en\/wp-json\/wp\/v2\/users\/2"}],"replies":[{"embeddable":true,"href":"https:\/\/www.camachofernandez.com\/en\/wp-json\/wp\/v2\/comments?post=1486"}],"version-history":[{"count":2,"href":"https:\/\/www.camachofernandez.com\/en\/wp-json\/wp\/v2\/pages\/1486\/revisions"}],"predecessor-version":[{"id":1489,"href":"https:\/\/www.camachofernandez.com\/en\/wp-json\/wp\/v2\/pages\/1486\/revisions\/1489"}],"up":[{"embeddable":true,"href":"https:\/\/www.camachofernandez.com\/en\/wp-json\/wp\/v2\/pages\/1456"}],"wp:attachment":[{"href":"https:\/\/www.camachofernandez.com\/en\/wp-json\/wp\/v2\/media?parent=1486"}],"curies":[{"name":"wp","href":"https:\/\/api.w.org\/{rel}","templated":true}]}}