{"id":1482,"date":"2020-07-02T14:51:37","date_gmt":"2020-07-02T14:51:37","guid":{"rendered":"https:\/\/www.camachofernandez.com\/areas-of-expertise\/civil-engineering\/proyectos-hidroelectricos\/"},"modified":"2023-01-06T17:09:27","modified_gmt":"2023-01-06T17:09:27","slug":"hydroelectric-projects","status":"publish","type":"page","link":"https:\/\/www.camachofernandez.com\/en\/areas-of-expertise\/civil-engineering\/hydroelectric-projects\/","title":{"rendered":"Hydroelectric projects"},"content":{"rendered":"\t\t<div data-elementor-type=\"wp-page\" data-elementor-id=\"1482\" class=\"elementor elementor-1482 elementor-107\">\n\t\t\t\t\t\t<div class=\"elementor-inner\">\n\t\t\t\t<div class=\"elementor-section-wrap\">\n\t\t\t\t\t\t\t\t\t<section class=\"elementor-section elementor-top-section elementor-element elementor-element-146891eb elementor-section-boxed elementor-section-height-default elementor-section-height-default\" data-id=\"146891eb\" data-element_type=\"section\">\n\t\t\t\t\t\t<div class=\"elementor-container elementor-column-gap-default\">\n\t\t\t\t\t\t\t<div class=\"elementor-row\">\n\t\t\t\t\t<div class=\"elementor-column elementor-col-100 elementor-top-column elementor-element elementor-element-a6b68cb\" data-id=\"a6b68cb\" data-element_type=\"column\">\n\t\t\t<div class=\"elementor-column-wrap elementor-element-populated\">\n\t\t\t\t\t\t\t<div class=\"elementor-widget-wrap\">\n\t\t\t\t\t\t<div class=\"elementor-element elementor-element-19c04de5 elementor-widget elementor-widget-heading\" data-id=\"19c04de5\" data-element_type=\"widget\" data-widget_type=\"heading.default\">\n\t\t\t\t<div class=\"elementor-widget-container\">\n\t\t\t<h2 class=\"elementor-heading-title elementor-size-default\"><span style=\"font-family: Gilroy ExtraBold; color: #222222;\">HYDROELECTRIC<\/span><br>PROJECTS<\/h2>\t\t<\/div>\n\t\t\t\t<\/div>\n\t\t\t\t\t\t<\/div>\n\t\t\t\t\t<\/div>\n\t\t<\/div>\n\t\t\t\t\t\t\t\t<\/div>\n\t\t\t\t\t<\/div>\n\t\t<\/section>\n\t\t\t\t<section class=\"elementor-section elementor-top-section elementor-element elementor-element-691320ea hide-background elementor-section-boxed elementor-section-height-default elementor-section-height-default\" data-id=\"691320ea\" data-element_type=\"section\" data-settings=\"{&quot;background_background&quot;:&quot;classic&quot;}\">\n\t\t\t\t\t\t<div class=\"elementor-container elementor-column-gap-default\">\n\t\t\t\t\t\t\t<div class=\"elementor-row\">\n\t\t\t\t\t<div class=\"elementor-column elementor-col-100 elementor-top-column elementor-element elementor-element-27d118fd\" data-id=\"27d118fd\" data-element_type=\"column\">\n\t\t\t<div class=\"elementor-column-wrap elementor-element-populated\">\n\t\t\t\t\t\t\t<div class=\"elementor-widget-wrap\">\n\t\t\t\t\t\t<section class=\"elementor-section elementor-inner-section elementor-element elementor-element-11125f03 elementor-section-boxed elementor-section-height-default elementor-section-height-default\" data-id=\"11125f03\" data-element_type=\"section\">\n\t\t\t\t\t\t<div class=\"elementor-container elementor-column-gap-default\">\n\t\t\t\t\t\t\t<div class=\"elementor-row\">\n\t\t\t\t\t<div class=\"elementor-column elementor-col-50 elementor-inner-column elementor-element elementor-element-403c63db\" data-id=\"403c63db\" data-element_type=\"column\">\n\t\t\t<div class=\"elementor-column-wrap elementor-element-populated\">\n\t\t\t\t\t\t\t<div class=\"elementor-widget-wrap\">\n\t\t\t\t\t\t<div class=\"elementor-element elementor-element-1092472c elementor-widget elementor-widget-text-editor\" data-id=\"1092472c\" data-element_type=\"widget\" data-widget_type=\"text-editor.default\">\n\t\t\t\t<div class=\"elementor-widget-container\">\n\t\t\t\t\t\t\t\t<div class=\"elementor-text-editor elementor-clearfix\">\n\t\t\t\t<p style=\"font-weight: 400;\">Our company has participated in large-scale projects that promote the development of the country, such as hydroelectric projects.<\/p>\n<p style=\"font-weight: 400;\">We have experience in analysis and design of projects that involve a high degree of complexity, such as sluice gate bearings, access bridges, vehicular bridges, overhead cranes, and other structures.<\/p>\t\t\t\t\t<\/div>\n\t\t\t\t\t\t<\/div>\n\t\t\t\t<\/div>\n\t\t\t\t\t\t<\/div>\n\t\t\t\t\t<\/div>\n\t\t<\/div>\n\t\t\t\t<div class=\"elementor-column elementor-col-50 elementor-inner-column elementor-element elementor-element-5ceaee9d hide-background\" data-id=\"5ceaee9d\" data-element_type=\"column\" data-settings=\"{&quot;background_background&quot;:&quot;classic&quot;}\">\n\t\t\t<div class=\"elementor-column-wrap\">\n\t\t\t\t\t\t\t<div class=\"elementor-widget-wrap\">\n\t\t\t\t\t\t\t\t<\/div>\n\t\t\t\t\t<\/div>\n\t\t<\/div>\n\t\t\t\t\t\t\t\t<\/div>\n\t\t\t\t\t<\/div>\n\t\t<\/section>\n\t\t\t\t\t\t<\/div>\n\t\t\t\t\t<\/div>\n\t\t<\/div>\n\t\t\t\t\t\t\t\t<\/div>\n\t\t\t\t\t<\/div>\n\t\t<\/section>\n\t\t\t\t<section class=\"elementor-section elementor-top-section elementor-element elementor-element-66346c23 elementor-section-boxed elementor-section-height-default elementor-section-height-default\" data-id=\"66346c23\" data-element_type=\"section\">\n\t\t\t\t\t\t<div class=\"elementor-container elementor-column-gap-default\">\n\t\t\t\t\t\t\t<div class=\"elementor-row\">\n\t\t\t\t\t<div class=\"elementor-column elementor-col-100 elementor-top-column elementor-element elementor-element-286012ec\" data-id=\"286012ec\" data-element_type=\"column\">\n\t\t\t<div class=\"elementor-column-wrap elementor-element-populated\">\n\t\t\t\t\t\t\t<div class=\"elementor-widget-wrap\">\n\t\t\t\t\t\t<div class=\"elementor-element elementor-element-4565958e elementor-widget elementor-widget-shortcode\" data-id=\"4565958e\" data-element_type=\"widget\" data-widget_type=\"shortcode.default\">\n\t\t\t\t<div class=\"elementor-widget-container\">\n\t\t\t\t\t<div class=\"elementor-shortcode\"><!-- PhotoBlocks for WordPress v1.2.9 free --><style> #photoblocks-7 {width: 100%;} #photoblocks-7 .pb-block {border-color: #333333;} #photoblocks-7 .pb-title {color: #ffffff;font-size: 20px;} #photoblocks-7 .pb-description {color: rgba(255, 255, 255, 0.7);font-size: 14px;} #photoblocks-7 .pb-block.pb-type-text .pb-overlay {} #photoblocks-7 .pb-block.pb-type-text .pb-title, #photoblocks-7 .pb-block.pb-type-text .pb-description {} #photoblocks-7 .pb-block.pb-type-text .pb-title {} #photoblocks-7 .pb-block.pb-type-text .pb-description {} #photoblocks-7 .pb-overlay {background: rgba(0, 0, 0, 0.75);} #photoblocks-7.pb-lift.show-empty-overlay .pb-block.pb-type-image:hover, #photoblocks-7.pb-lift .pb-block.pb-type-image.with-text:hover { box-shadow: rgba(0, 0, 0, 0.75) 0 0 20px; } #photoblocks-7 .pb-block { } #photoblocks-7 .pb-block .pb-social button {color: #ffffff;font-size: 14px;} #photoblocks-7 .pb-blocks .pb-type-image {max-width: calc( 100% - 10px )}<\/style><div class=\"photoblocks-gallery pb-blur pb-lift pb-effect-fade\" data-anim=\"fade\" id=\"photoblocks-7\"> <div class=\"pb-blocks\"> <div class=\"pb-block pb-landscape pb-height pb-type-image \" style=\"\" data-colspan=\"2\" data-rowspan=\"1\" data-col=\"0\" data-row=\"0\" data-valign=\"center\" data-halign=\"center\" data-type=\"image\" data-ratio=\"1.3326752221125\"> <img decoding=\"async\" class=\"pb-image skip-lazy \" src=\"data:image\/png;base64,iVBORw0KGgoAAAANSUhEUgAAAAEAAAABCAYAAAAfFcSJAAAADUlEQVR42mNkYPhfDwAChwGA60e6kgAAAABJRU5ErkJggg==\" data-pb-source=\"https:\/\/www.camachofernandez.com\/wp-content\/uploads\/2020\/07\/Pirris-1-1024x768.jpg\" alt=\"\"> <noscript><img decoding=\"async\" src=\"https:\/\/www.camachofernandez.com\/wp-content\/uploads\/2020\/07\/Pirris-1.jpg\" alt=\"\"><\/noscript> <a class=\"pb-link \" data-magnific=\"gallery-7\" data-caption=\"\" rel=\"\" target=\"\" href=\"https:\/\/www.camachofernandez.com\/wp-content\/uploads\/2020\/07\/Pirris-1.jpg\"> <\/a> <\/div> <div class=\"pb-block pb-landscape pb-height pb-type-image \" style=\"\" data-colspan=\"2\" data-rowspan=\"1\" data-col=\"2\" data-row=\"0\" data-valign=\"center\" data-halign=\"center\" data-type=\"image\" data-ratio=\"1.3326752221125\"> <img decoding=\"async\" class=\"pb-image skip-lazy \" src=\"data:image\/png;base64,iVBORw0KGgoAAAANSUhEUgAAAAEAAAABCAYAAAAfFcSJAAAADUlEQVR42mNkYPhfDwAChwGA60e6kgAAAABJRU5ErkJggg==\" data-pb-source=\"https:\/\/www.camachofernandez.com\/wp-content\/uploads\/2020\/07\/Pirris-2-1024x768.jpg\" alt=\"\"> <noscript><img decoding=\"async\" src=\"https:\/\/www.camachofernandez.com\/wp-content\/uploads\/2020\/07\/Pirris-2.jpg\" alt=\"\"><\/noscript> <a class=\"pb-link \" data-magnific=\"gallery-7\" data-caption=\"\" rel=\"\" target=\"\" href=\"https:\/\/www.camachofernandez.com\/wp-content\/uploads\/2020\/07\/Pirris-2.jpg\"> <\/a> <\/div> <\/div><\/div><div id=\"photoblocks-fancybox-7\"><\/div><script>jQuery(function () { var p = new PhotoBlocks({ selector: \"#photoblocks-7\", columns: 4, padding: 10, disable_below: 320, on: { before: function () { }, after: function () { }, refresh: function () { } }, mobile_layout: [], lazy: false, debug: false }); jQuery(\"#photoblocks-7\").magnificPopup({ delegate: \".pb-block:not(.pb-filtered) [data-magnific]\", type: \"image\", gallery: { enabled: true, preload: [0,2] }, image: { titleSrc: 'data-caption' }, mainClass: \"mfp-7\" }); });<\/script><\/div>\n\t\t\t\t<\/div>\n\t\t\t\t<\/div>\n\t\t\t\t\t\t<\/div>\n\t\t\t\t\t<\/div>\n\t\t<\/div>\n\t\t\t\t\t\t\t\t<\/div>\n\t\t\t\t\t<\/div>\n\t\t<\/section>\n\t\t\t\t\t\t\t\t\t<\/div>\n\t\t\t<\/div>\n\t\t\t\t\t<\/div>\n\t\t","protected":false},"excerpt":{"rendered":"<p>HYDROELECTRICPROJECTS Our company has participated in large-scale projects that promote the development of the country, such as hydroelectric projects. We have experience in analysis and design<span class=\"excerpt-hellip\"> [\u2026]<\/span><\/p>\n","protected":false},"author":2,"featured_media":0,"parent":1456,"menu_order":0,"comment_status":"closed","ping_status":"closed","template":"elementor_header_footer","meta":[],"yoast_head":"<!-- This site is optimized with the Yoast SEO plugin v20.10 - https:\/\/yoast.com\/wordpress\/plugins\/seo\/ -->\n<title>Hydroelectric projects Costa Rica - Camacho Fern\u00e1ndez<\/title>\n<meta name=\"description\" content=\"Nuestra empresa ha participado en obras de gran escala que promueven el desarrollo del pa\u00eds, como es el caso de los proyectos hidroel\u00e9ctricos.\" \/>\n<meta name=\"robots\" content=\"index, follow, max-snippet:-1, max-image-preview:large, max-video-preview:-1\" \/>\n<link rel=\"canonical\" href=\"https:\/\/www.camachofernandez.com\/en\/areas-of-expertise\/civil-engineering\/hydroelectric-projects\/\" \/>\n<meta property=\"og:locale\" content=\"en_US\" \/>\n<meta property=\"og:type\" content=\"article\" \/>\n<meta property=\"og:title\" content=\"Hydroelectric projects Costa Rica - Camacho Fern\u00e1ndez\" \/>\n<meta property=\"og:description\" content=\"Nuestra empresa ha participado en obras de gran escala que promueven el desarrollo del pa\u00eds, como es el caso de los proyectos hidroel\u00e9ctricos.\" \/>\n<meta property=\"og:url\" content=\"https:\/\/www.camachofernandez.com\/en\/areas-of-expertise\/civil-engineering\/hydroelectric-projects\/\" \/>\n<meta property=\"og:site_name\" content=\"Camacho Fern\u00e1ndez\" \/>\n<meta property=\"article:modified_time\" content=\"2023-01-06T17:09:27+00:00\" \/>\n<meta name=\"twitter:card\" content=\"summary_large_image\" \/>\n<script type=\"application\/ld+json\" class=\"yoast-schema-graph\">{\"@context\":\"https:\/\/schema.org\",\"@graph\":[{\"@type\":\"WebPage\",\"@id\":\"https:\/\/www.camachofernandez.com\/en\/areas-of-expertise\/civil-engineering\/hydroelectric-projects\/\",\"url\":\"https:\/\/www.camachofernandez.com\/en\/areas-of-expertise\/civil-engineering\/hydroelectric-projects\/\",\"name\":\"Hydroelectric projects Costa Rica - Camacho Fern\u00e1ndez\",\"isPartOf\":{\"@id\":\"https:\/\/www.camachofernandez.com\/en\/#website\"},\"datePublished\":\"2020-07-02T14:51:37+00:00\",\"dateModified\":\"2023-01-06T17:09:27+00:00\",\"description\":\"Nuestra empresa ha participado en obras de gran escala que promueven el desarrollo del pa\u00eds, como es el caso de los proyectos hidroel\u00e9ctricos.\",\"breadcrumb\":{\"@id\":\"https:\/\/www.camachofernandez.com\/en\/areas-of-expertise\/civil-engineering\/hydroelectric-projects\/#breadcrumb\"},\"inLanguage\":\"en-US\",\"potentialAction\":[{\"@type\":\"ReadAction\",\"target\":[\"https:\/\/www.camachofernandez.com\/en\/areas-of-expertise\/civil-engineering\/hydroelectric-projects\/\"]}]},{\"@type\":\"BreadcrumbList\",\"@id\":\"https:\/\/www.camachofernandez.com\/en\/areas-of-expertise\/civil-engineering\/hydroelectric-projects\/#breadcrumb\",\"itemListElement\":[{\"@type\":\"ListItem\",\"position\":1,\"name\":\"Portada\",\"item\":\"https:\/\/www.camachofernandez.com\/en\/\"},{\"@type\":\"ListItem\",\"position\":2,\"name\":\"Areas of Expertise\",\"item\":\"https:\/\/www.camachofernandez.com\/en\/areas-de-especialidad\/\"},{\"@type\":\"ListItem\",\"position\":3,\"name\":\"Civil Engineering\",\"item\":\"https:\/\/www.camachofernandez.com\/en\/areas-de-especialidad\/ingenieria-civil\/\"},{\"@type\":\"ListItem\",\"position\":4,\"name\":\"Hydroelectric projects\"}]},{\"@type\":\"WebSite\",\"@id\":\"https:\/\/www.camachofernandez.com\/en\/#website\",\"url\":\"https:\/\/www.camachofernandez.com\/en\/\",\"name\":\"Camacho Fern\u00e1ndez\",\"description\":\"\",\"potentialAction\":[{\"@type\":\"SearchAction\",\"target\":{\"@type\":\"EntryPoint\",\"urlTemplate\":\"https:\/\/www.camachofernandez.com\/en\/?s={search_term_string}\"},\"query-input\":\"required name=search_term_string\"}],\"inLanguage\":\"en-US\"}]}<\/script>\n<!-- \/ Yoast SEO plugin. -->","yoast_head_json":{"title":"Hydroelectric projects Costa Rica - Camacho Fern\u00e1ndez","description":"Nuestra empresa ha participado en obras de gran escala que promueven el desarrollo del pa\u00eds, como es el caso de los proyectos hidroel\u00e9ctricos.","robots":{"index":"index","follow":"follow","max-snippet":"max-snippet:-1","max-image-preview":"max-image-preview:large","max-video-preview":"max-video-preview:-1"},"canonical":"https:\/\/www.camachofernandez.com\/en\/areas-of-expertise\/civil-engineering\/hydroelectric-projects\/","og_locale":"en_US","og_type":"article","og_title":"Hydroelectric projects Costa Rica - Camacho Fern\u00e1ndez","og_description":"Nuestra empresa ha participado en obras de gran escala que promueven el desarrollo del pa\u00eds, como es el caso de los proyectos hidroel\u00e9ctricos.","og_url":"https:\/\/www.camachofernandez.com\/en\/areas-of-expertise\/civil-engineering\/hydroelectric-projects\/","og_site_name":"Camacho Fern\u00e1ndez","article_modified_time":"2023-01-06T17:09:27+00:00","twitter_card":"summary_large_image","schema":{"@context":"https:\/\/schema.org","@graph":[{"@type":"WebPage","@id":"https:\/\/www.camachofernandez.com\/en\/areas-of-expertise\/civil-engineering\/hydroelectric-projects\/","url":"https:\/\/www.camachofernandez.com\/en\/areas-of-expertise\/civil-engineering\/hydroelectric-projects\/","name":"Hydroelectric projects Costa Rica - Camacho Fern\u00e1ndez","isPartOf":{"@id":"https:\/\/www.camachofernandez.com\/en\/#website"},"datePublished":"2020-07-02T14:51:37+00:00","dateModified":"2023-01-06T17:09:27+00:00","description":"Nuestra empresa ha participado en obras de gran escala que promueven el desarrollo del pa\u00eds, como es el caso de los proyectos hidroel\u00e9ctricos.","breadcrumb":{"@id":"https:\/\/www.camachofernandez.com\/en\/areas-of-expertise\/civil-engineering\/hydroelectric-projects\/#breadcrumb"},"inLanguage":"en-US","potentialAction":[{"@type":"ReadAction","target":["https:\/\/www.camachofernandez.com\/en\/areas-of-expertise\/civil-engineering\/hydroelectric-projects\/"]}]},{"@type":"BreadcrumbList","@id":"https:\/\/www.camachofernandez.com\/en\/areas-of-expertise\/civil-engineering\/hydroelectric-projects\/#breadcrumb","itemListElement":[{"@type":"ListItem","position":1,"name":"Portada","item":"https:\/\/www.camachofernandez.com\/en\/"},{"@type":"ListItem","position":2,"name":"Areas of Expertise","item":"https:\/\/www.camachofernandez.com\/en\/areas-de-especialidad\/"},{"@type":"ListItem","position":3,"name":"Civil Engineering","item":"https:\/\/www.camachofernandez.com\/en\/areas-de-especialidad\/ingenieria-civil\/"},{"@type":"ListItem","position":4,"name":"Hydroelectric projects"}]},{"@type":"WebSite","@id":"https:\/\/www.camachofernandez.com\/en\/#website","url":"https:\/\/www.camachofernandez.com\/en\/","name":"Camacho Fern\u00e1ndez","description":"","potentialAction":[{"@type":"SearchAction","target":{"@type":"EntryPoint","urlTemplate":"https:\/\/www.camachofernandez.com\/en\/?s={search_term_string}"},"query-input":"required name=search_term_string"}],"inLanguage":"en-US"}]}},"_links":{"self":[{"href":"https:\/\/www.camachofernandez.com\/en\/wp-json\/wp\/v2\/pages\/1482"}],"collection":[{"href":"https:\/\/www.camachofernandez.com\/en\/wp-json\/wp\/v2\/pages"}],"about":[{"href":"https:\/\/www.camachofernandez.com\/en\/wp-json\/wp\/v2\/types\/page"}],"author":[{"embeddable":true,"href":"https:\/\/www.camachofernandez.com\/en\/wp-json\/wp\/v2\/users\/2"}],"replies":[{"embeddable":true,"href":"https:\/\/www.camachofernandez.com\/en\/wp-json\/wp\/v2\/comments?post=1482"}],"version-history":[{"count":3,"href":"https:\/\/www.camachofernandez.com\/en\/wp-json\/wp\/v2\/pages\/1482\/revisions"}],"predecessor-version":[{"id":1610,"href":"https:\/\/www.camachofernandez.com\/en\/wp-json\/wp\/v2\/pages\/1482\/revisions\/1610"}],"up":[{"embeddable":true,"href":"https:\/\/www.camachofernandez.com\/en\/wp-json\/wp\/v2\/pages\/1456"}],"wp:attachment":[{"href":"https:\/\/www.camachofernandez.com\/en\/wp-json\/wp\/v2\/media?parent=1482"}],"curies":[{"name":"wp","href":"https:\/\/api.w.org\/{rel}","templated":true}]}}