{"id":1452,"date":"2020-06-11T18:48:50","date_gmt":"2020-06-11T18:48:50","guid":{"rendered":"https:\/\/www.camachofernandez.com\/areas-de-especialidad\/"},"modified":"2022-12-28T18:55:40","modified_gmt":"2022-12-28T18:55:40","slug":"areas-of-expertise","status":"publish","type":"page","link":"https:\/\/www.camachofernandez.com\/en\/areas-of-expertise\/","title":{"rendered":"Areas of Expertise"},"content":{"rendered":"\t\t<div data-elementor-type=\"wp-page\" data-elementor-id=\"1452\" class=\"elementor elementor-1452 elementor-18\">\n\t\t\t\t\t\t<div class=\"elementor-inner\">\n\t\t\t\t<div class=\"elementor-section-wrap\">\n\t\t\t\t\t\t\t\t\t<section class=\"elementor-section elementor-top-section elementor-element elementor-element-b05095d elementor-section-full_width hide-background elementor-section-height-default elementor-section-height-default\" data-id=\"b05095d\" data-element_type=\"section\" data-settings=\"{&quot;background_background&quot;:&quot;classic&quot;}\">\n\t\t\t\t\t\t<div class=\"elementor-container elementor-column-gap-default\">\n\t\t\t\t\t\t\t<div class=\"elementor-row\">\n\t\t\t\t\t<div class=\"elementor-column elementor-col-100 elementor-top-column elementor-element elementor-element-4cf4ae3\" data-id=\"4cf4ae3\" data-element_type=\"column\">\n\t\t\t<div class=\"elementor-column-wrap elementor-element-populated\">\n\t\t\t\t\t\t\t<div class=\"elementor-widget-wrap\">\n\t\t\t\t\t\t<div class=\"elementor-element elementor-element-a5dde6b elementor-widget elementor-widget-heading\" data-id=\"a5dde6b\" data-element_type=\"widget\" data-widget_type=\"heading.default\">\n\t\t\t\t<div class=\"elementor-widget-container\">\n\t\t\t<h2 class=\"elementor-heading-title elementor-size-default\"><span style=\"font-family: Gilroy ExtraBold; color: #222222;\">AREAS OF <\/span><br>EXPERTISE<\/h2>\t\t<\/div>\n\t\t\t\t<\/div>\n\t\t\t\t\t\t<\/div>\n\t\t\t\t\t<\/div>\n\t\t<\/div>\n\t\t\t\t\t\t\t\t<\/div>\n\t\t\t\t\t<\/div>\n\t\t<\/section>\n\t\t\t\t<section class=\"elementor-section elementor-top-section elementor-element elementor-element-3e8148a elementor-section-full_width elementor-section-height-default elementor-section-height-default\" data-id=\"3e8148a\" data-element_type=\"section\">\n\t\t\t\t\t\t<div class=\"elementor-container elementor-column-gap-default\">\n\t\t\t\t\t\t\t<div class=\"elementor-row\">\n\t\t\t\t\t<div class=\"elementor-column elementor-col-25 elementor-top-column elementor-element elementor-element-9d0a3ac\" data-id=\"9d0a3ac\" data-element_type=\"column\" data-settings=\"{&quot;background_background&quot;:&quot;classic&quot;}\">\n\t\t\t<div class=\"elementor-column-wrap elementor-element-populated\">\n\t\t\t\t\t\t\t<div class=\"elementor-widget-wrap\">\n\t\t\t\t\t\t<div class=\"elementor-element elementor-element-08b6c67 elementor-widget elementor-widget-heading\" data-id=\"08b6c67\" data-element_type=\"widget\" data-widget_type=\"heading.default\">\n\t\t\t\t<div class=\"elementor-widget-container\">\n\t\t\t<h3 class=\"elementor-heading-title elementor-size-default\"><span style=\"font-family: Gilroy ExtraBold;\">CIVIL ENGINEERING<\/span><\/h3>\t\t<\/div>\n\t\t\t\t<\/div>\n\t\t\t\t<div class=\"elementor-element elementor-element-5f7e5f6 elementor-align-center elementor-widget elementor-widget-button\" data-id=\"5f7e5f6\" data-element_type=\"widget\" data-widget_type=\"button.default\">\n\t\t\t\t<div class=\"elementor-widget-container\">\n\t\t\t\t\t<div class=\"elementor-button-wrapper\">\n\t\t\t<a class=\"elementor-button elementor-button-link elementor-size-md\" href=\"\/areas-de-especialidad\/ingenieria-civil\/\">\n\t\t\t\t\t\t<span class=\"elementor-button-content-wrapper\">\n\t\t\t\t\t\t<span class=\"elementor-button-text\"><img style=\"padding-bottom: 5px;\"src=\"\/wp-content\/uploads\/2020\/06\/Forma_4.jpg\">  <span style=\"font-family: Gilroy ExtraBold;\">SEE MORE<\/span><\/span>\n\t\t<\/span>\n\t\t\t\t\t<\/a>\n\t\t<\/div>\n\t\t\t\t<\/div>\n\t\t\t\t<\/div>\n\t\t\t\t\t\t<\/div>\n\t\t\t\t\t<\/div>\n\t\t<\/div>\n\t\t\t\t<div class=\"elementor-column elementor-col-25 elementor-top-column elementor-element elementor-element-8934225\" data-id=\"8934225\" data-element_type=\"column\" data-settings=\"{&quot;background_background&quot;:&quot;classic&quot;}\">\n\t\t\t<div class=\"elementor-column-wrap elementor-element-populated\">\n\t\t\t\t\t\t\t<div class=\"elementor-widget-wrap\">\n\t\t\t\t\t\t<div class=\"elementor-element elementor-element-a86483d elementor-widget elementor-widget-heading\" data-id=\"a86483d\" data-element_type=\"widget\" data-widget_type=\"heading.default\">\n\t\t\t\t<div class=\"elementor-widget-container\">\n\t\t\t<h3 class=\"elementor-heading-title elementor-size-default\"><span style=\"font-family: Gilroy ExtraBold;\">ARCHITECTURE<\/span><\/h3>\t\t<\/div>\n\t\t\t\t<\/div>\n\t\t\t\t<div class=\"elementor-element elementor-element-d9ca7f1 elementor-align-center elementor-widget elementor-widget-button\" data-id=\"d9ca7f1\" data-element_type=\"widget\" data-widget_type=\"button.default\">\n\t\t\t\t<div class=\"elementor-widget-container\">\n\t\t\t\t\t<div class=\"elementor-button-wrapper\">\n\t\t\t<a class=\"elementor-button elementor-button-link elementor-size-md\" href=\"\/areas-de-especialidad\/arquitectura\/\">\n\t\t\t\t\t\t<span class=\"elementor-button-content-wrapper\">\n\t\t\t\t\t\t<span class=\"elementor-button-text\"><img style=\"padding-bottom: 5px;\"src=\"\/wp-content\/uploads\/2020\/06\/Forma_4.jpg\">  <span style=\"font-family: Gilroy ExtraBold;\">SEE MORE<\/span><\/span>\n\t\t<\/span>\n\t\t\t\t\t<\/a>\n\t\t<\/div>\n\t\t\t\t<\/div>\n\t\t\t\t<\/div>\n\t\t\t\t\t\t<\/div>\n\t\t\t\t\t<\/div>\n\t\t<\/div>\n\t\t\t\t<div class=\"elementor-column elementor-col-25 elementor-top-column elementor-element elementor-element-8ec3573\" data-id=\"8ec3573\" data-element_type=\"column\" data-settings=\"{&quot;background_background&quot;:&quot;classic&quot;}\">\n\t\t\t<div class=\"elementor-column-wrap elementor-element-populated\">\n\t\t\t\t\t\t\t<div class=\"elementor-widget-wrap\">\n\t\t\t\t\t\t<div class=\"elementor-element elementor-element-d2e9e23 elementor-widget elementor-widget-heading\" data-id=\"d2e9e23\" data-element_type=\"widget\" data-widget_type=\"heading.default\">\n\t\t\t\t<div class=\"elementor-widget-container\">\n\t\t\t<h3 class=\"elementor-heading-title elementor-size-default\"><span style=\"font-family: Gilroy ExtraBold;\">ELECTROMECHANICAL ENGINEERING<\/span><\/h3>\t\t<\/div>\n\t\t\t\t<\/div>\n\t\t\t\t<div class=\"elementor-element elementor-element-5f330c8 elementor-align-center elementor-widget elementor-widget-button\" data-id=\"5f330c8\" data-element_type=\"widget\" data-widget_type=\"button.default\">\n\t\t\t\t<div class=\"elementor-widget-container\">\n\t\t\t\t\t<div class=\"elementor-button-wrapper\">\n\t\t\t<a class=\"elementor-button elementor-button-link elementor-size-md\" href=\"\/areas-de-especialidad\/ingenieria-electromecanica\/\">\n\t\t\t\t\t\t<span class=\"elementor-button-content-wrapper\">\n\t\t\t\t\t\t<span class=\"elementor-button-text\"><img style=\"padding-bottom: 5px;\"src=\"\/wp-content\/uploads\/2020\/06\/Forma_4.jpg\">  <span style=\"font-family: Gilroy ExtraBold;\">SEE MORE<\/span><\/span>\n\t\t<\/span>\n\t\t\t\t\t<\/a>\n\t\t<\/div>\n\t\t\t\t<\/div>\n\t\t\t\t<\/div>\n\t\t\t\t\t\t<\/div>\n\t\t\t\t\t<\/div>\n\t\t<\/div>\n\t\t\t\t<div class=\"elementor-column elementor-col-25 elementor-top-column elementor-element elementor-element-1879763\" data-id=\"1879763\" data-element_type=\"column\" data-settings=\"{&quot;background_background&quot;:&quot;classic&quot;}\">\n\t\t\t<div class=\"elementor-column-wrap elementor-element-populated\">\n\t\t\t\t\t\t\t<div class=\"elementor-widget-wrap\">\n\t\t\t\t\t\t<div class=\"elementor-element elementor-element-cfa2ec0 elementor-widget elementor-widget-heading\" data-id=\"cfa2ec0\" data-element_type=\"widget\" data-widget_type=\"heading.default\">\n\t\t\t\t<div class=\"elementor-widget-container\">\n\t\t\t<h3 class=\"elementor-heading-title elementor-size-default\"><span style=\"font-family: Gilroy ExtraBold;\">ENVIRONMENTAL MANAGEMENT CONSULTING<\/span><\/h3>\t\t<\/div>\n\t\t\t\t<\/div>\n\t\t\t\t<div class=\"elementor-element elementor-element-7bc6074 elementor-align-center elementor-widget elementor-widget-button\" data-id=\"7bc6074\" data-element_type=\"widget\" data-widget_type=\"button.default\">\n\t\t\t\t<div class=\"elementor-widget-container\">\n\t\t\t\t\t<div class=\"elementor-button-wrapper\">\n\t\t\t<a class=\"elementor-button elementor-button-link elementor-size-md\" href=\"\/areas-de-especialidad\/consultoria-en-gestion-ambiental\/\">\n\t\t\t\t\t\t<span class=\"elementor-button-content-wrapper\">\n\t\t\t\t\t\t<span class=\"elementor-button-text\"><img style=\"padding-bottom: 5px;\"src=\"\/wp-content\/uploads\/2020\/06\/Forma_4.jpg\">  <span style=\"font-family: Gilroy ExtraBold;\">SEE MORE<\/span><\/span>\n\t\t<\/span>\n\t\t\t\t\t<\/a>\n\t\t<\/div>\n\t\t\t\t<\/div>\n\t\t\t\t<\/div>\n\t\t\t\t\t\t<\/div>\n\t\t\t\t\t<\/div>\n\t\t<\/div>\n\t\t\t\t\t\t\t\t<\/div>\n\t\t\t\t\t<\/div>\n\t\t<\/section>\n\t\t\t\t\t\t\t\t\t<\/div>\n\t\t\t<\/div>\n\t\t\t\t\t<\/div>\n\t\t","protected":false},"excerpt":{"rendered":"<p>AREAS OF EXPERTISE CIVIL ENGINEERING SEE MORE ARCHITECTURE SEE MORE ELECTROMECHANICAL ENGINEERING SEE MORE ENVIRONMENTAL MANAGEMENT CONSULTING SEE MORE<\/p>\n","protected":false},"author":2,"featured_media":0,"parent":0,"menu_order":0,"comment_status":"closed","ping_status":"closed","template":"elementor_header_footer","meta":[],"yoast_head":"<!-- This site is optimized with the Yoast SEO plugin v20.10 - https:\/\/yoast.com\/wordpress\/plugins\/seo\/ -->\n<title>Constructora y Arquitectura en Costa Rica - Camacho Fern\u00e1ndez<\/title>\n<meta name=\"description\" content=\"Especialistas en ingenier\u00eda civil, arquitectura, ingenier\u00eda electromec\u00e1nica y consultor\u00eda en gesti\u00f3n ambiental.\" \/>\n<meta name=\"robots\" content=\"index, follow, max-snippet:-1, max-image-preview:large, max-video-preview:-1\" \/>\n<link rel=\"canonical\" href=\"https:\/\/www.camachofernandez.com\/en\/areas-of-expertise\/\" \/>\n<meta property=\"og:locale\" content=\"en_US\" \/>\n<meta property=\"og:type\" content=\"article\" \/>\n<meta property=\"og:title\" content=\"Constructora y Arquitectura en Costa Rica - Camacho Fern\u00e1ndez\" \/>\n<meta property=\"og:description\" content=\"Especialistas en ingenier\u00eda civil, arquitectura, ingenier\u00eda electromec\u00e1nica y consultor\u00eda en gesti\u00f3n ambiental.\" \/>\n<meta property=\"og:url\" content=\"https:\/\/www.camachofernandez.com\/en\/areas-of-expertise\/\" \/>\n<meta property=\"og:site_name\" content=\"Camacho Fern\u00e1ndez\" \/>\n<meta property=\"article:modified_time\" content=\"2022-12-28T18:55:40+00:00\" \/>\n<meta name=\"twitter:card\" content=\"summary_large_image\" \/>\n<script type=\"application\/ld+json\" class=\"yoast-schema-graph\">{\"@context\":\"https:\/\/schema.org\",\"@graph\":[{\"@type\":\"WebPage\",\"@id\":\"https:\/\/www.camachofernandez.com\/en\/areas-of-expertise\/\",\"url\":\"https:\/\/www.camachofernandez.com\/en\/areas-of-expertise\/\",\"name\":\"Constructora y Arquitectura en Costa Rica - Camacho Fern\u00e1ndez\",\"isPartOf\":{\"@id\":\"https:\/\/www.camachofernandez.com\/en\/#website\"},\"datePublished\":\"2020-06-11T18:48:50+00:00\",\"dateModified\":\"2022-12-28T18:55:40+00:00\",\"description\":\"Especialistas en ingenier\u00eda civil, arquitectura, ingenier\u00eda electromec\u00e1nica y consultor\u00eda en gesti\u00f3n ambiental.\",\"breadcrumb\":{\"@id\":\"https:\/\/www.camachofernandez.com\/en\/areas-of-expertise\/#breadcrumb\"},\"inLanguage\":\"en-US\",\"potentialAction\":[{\"@type\":\"ReadAction\",\"target\":[\"https:\/\/www.camachofernandez.com\/en\/areas-of-expertise\/\"]}]},{\"@type\":\"BreadcrumbList\",\"@id\":\"https:\/\/www.camachofernandez.com\/en\/areas-of-expertise\/#breadcrumb\",\"itemListElement\":[{\"@type\":\"ListItem\",\"position\":1,\"name\":\"Portada\",\"item\":\"https:\/\/www.camachofernandez.com\/en\/\"},{\"@type\":\"ListItem\",\"position\":2,\"name\":\"Areas of Expertise\"}]},{\"@type\":\"WebSite\",\"@id\":\"https:\/\/www.camachofernandez.com\/en\/#website\",\"url\":\"https:\/\/www.camachofernandez.com\/en\/\",\"name\":\"Camacho Fern\u00e1ndez\",\"description\":\"\",\"potentialAction\":[{\"@type\":\"SearchAction\",\"target\":{\"@type\":\"EntryPoint\",\"urlTemplate\":\"https:\/\/www.camachofernandez.com\/en\/?s={search_term_string}\"},\"query-input\":\"required name=search_term_string\"}],\"inLanguage\":\"en-US\"}]}<\/script>\n<!-- \/ Yoast SEO plugin. -->","yoast_head_json":{"title":"Constructora y Arquitectura en Costa Rica - Camacho Fern\u00e1ndez","description":"Especialistas en ingenier\u00eda civil, arquitectura, ingenier\u00eda electromec\u00e1nica y consultor\u00eda en gesti\u00f3n ambiental.","robots":{"index":"index","follow":"follow","max-snippet":"max-snippet:-1","max-image-preview":"max-image-preview:large","max-video-preview":"max-video-preview:-1"},"canonical":"https:\/\/www.camachofernandez.com\/en\/areas-of-expertise\/","og_locale":"en_US","og_type":"article","og_title":"Constructora y Arquitectura en Costa Rica - Camacho Fern\u00e1ndez","og_description":"Especialistas en ingenier\u00eda civil, arquitectura, ingenier\u00eda electromec\u00e1nica y consultor\u00eda en gesti\u00f3n ambiental.","og_url":"https:\/\/www.camachofernandez.com\/en\/areas-of-expertise\/","og_site_name":"Camacho Fern\u00e1ndez","article_modified_time":"2022-12-28T18:55:40+00:00","twitter_card":"summary_large_image","schema":{"@context":"https:\/\/schema.org","@graph":[{"@type":"WebPage","@id":"https:\/\/www.camachofernandez.com\/en\/areas-of-expertise\/","url":"https:\/\/www.camachofernandez.com\/en\/areas-of-expertise\/","name":"Constructora y Arquitectura en Costa Rica - Camacho Fern\u00e1ndez","isPartOf":{"@id":"https:\/\/www.camachofernandez.com\/en\/#website"},"datePublished":"2020-06-11T18:48:50+00:00","dateModified":"2022-12-28T18:55:40+00:00","description":"Especialistas en ingenier\u00eda civil, arquitectura, ingenier\u00eda electromec\u00e1nica y consultor\u00eda en gesti\u00f3n ambiental.","breadcrumb":{"@id":"https:\/\/www.camachofernandez.com\/en\/areas-of-expertise\/#breadcrumb"},"inLanguage":"en-US","potentialAction":[{"@type":"ReadAction","target":["https:\/\/www.camachofernandez.com\/en\/areas-of-expertise\/"]}]},{"@type":"BreadcrumbList","@id":"https:\/\/www.camachofernandez.com\/en\/areas-of-expertise\/#breadcrumb","itemListElement":[{"@type":"ListItem","position":1,"name":"Portada","item":"https:\/\/www.camachofernandez.com\/en\/"},{"@type":"ListItem","position":2,"name":"Areas of Expertise"}]},{"@type":"WebSite","@id":"https:\/\/www.camachofernandez.com\/en\/#website","url":"https:\/\/www.camachofernandez.com\/en\/","name":"Camacho Fern\u00e1ndez","description":"","potentialAction":[{"@type":"SearchAction","target":{"@type":"EntryPoint","urlTemplate":"https:\/\/www.camachofernandez.com\/en\/?s={search_term_string}"},"query-input":"required name=search_term_string"}],"inLanguage":"en-US"}]}},"_links":{"self":[{"href":"https:\/\/www.camachofernandez.com\/en\/wp-json\/wp\/v2\/pages\/1452"}],"collection":[{"href":"https:\/\/www.camachofernandez.com\/en\/wp-json\/wp\/v2\/pages"}],"about":[{"href":"https:\/\/www.camachofernandez.com\/en\/wp-json\/wp\/v2\/types\/page"}],"author":[{"embeddable":true,"href":"https:\/\/www.camachofernandez.com\/en\/wp-json\/wp\/v2\/users\/2"}],"replies":[{"embeddable":true,"href":"https:\/\/www.camachofernandez.com\/en\/wp-json\/wp\/v2\/comments?post=1452"}],"version-history":[{"count":3,"href":"https:\/\/www.camachofernandez.com\/en\/wp-json\/wp\/v2\/pages\/1452\/revisions"}],"predecessor-version":[{"id":1455,"href":"https:\/\/www.camachofernandez.com\/en\/wp-json\/wp\/v2\/pages\/1452\/revisions\/1455"}],"wp:attachment":[{"href":"https:\/\/www.camachofernandez.com\/en\/wp-json\/wp\/v2\/media?parent=1452"}],"curies":[{"name":"wp","href":"https:\/\/api.w.org\/{rel}","templated":true}]}}