{"id":1448,"date":"2020-06-11T18:48:29","date_gmt":"2020-06-11T18:48:29","guid":{"rendered":"https:\/\/www.camachofernandez.com\/quienes-somos\/"},"modified":"2022-12-28T18:47:55","modified_gmt":"2022-12-28T18:47:55","slug":"about-us","status":"publish","type":"page","link":"https:\/\/www.camachofernandez.com\/en\/about-us\/","title":{"rendered":"About Us"},"content":{"rendered":"\t\t<div data-elementor-type=\"wp-page\" data-elementor-id=\"1448\" class=\"elementor elementor-1448 elementor-16\">\n\t\t\t\t\t\t<div class=\"elementor-inner\">\n\t\t\t\t<div class=\"elementor-section-wrap\">\n\t\t\t\t\t\t\t\t\t<section class=\"elementor-section elementor-top-section elementor-element elementor-element-1990820 elementor-section-full_width hide-background elementor-section-height-default elementor-section-height-default\" data-id=\"1990820\" data-element_type=\"section\" data-settings=\"{&quot;background_background&quot;:&quot;classic&quot;}\">\n\t\t\t\t\t\t<div class=\"elementor-container elementor-column-gap-default\">\n\t\t\t\t\t\t\t<div class=\"elementor-row\">\n\t\t\t\t\t<div class=\"elementor-column elementor-col-100 elementor-top-column elementor-element elementor-element-f6b12e5 hide-background\" data-id=\"f6b12e5\" data-element_type=\"column\" data-settings=\"{&quot;background_background&quot;:&quot;classic&quot;}\">\n\t\t\t<div class=\"elementor-column-wrap elementor-element-populated\">\n\t\t\t\t\t\t\t<div class=\"elementor-widget-wrap\">\n\t\t\t\t\t\t<div class=\"elementor-element elementor-element-f902f3e elementor-widget elementor-widget-heading\" data-id=\"f902f3e\" data-element_type=\"widget\" data-widget_type=\"heading.default\">\n\t\t\t\t<div class=\"elementor-widget-container\">\n\t\t\t<h2 class=\"elementor-heading-title elementor-size-default\"><span style=\"font-family: Gilroy ExtraBold; color: #222222;\">ABOUT <\/span><br>US<\/h2>\t\t<\/div>\n\t\t\t\t<\/div>\n\t\t\t\t<section class=\"elementor-section elementor-inner-section elementor-element elementor-element-f7ec341 elementor-section-boxed elementor-section-height-default elementor-section-height-default\" data-id=\"f7ec341\" data-element_type=\"section\">\n\t\t\t\t\t\t<div class=\"elementor-container elementor-column-gap-default\">\n\t\t\t\t\t\t\t<div class=\"elementor-row\">\n\t\t\t\t\t<div class=\"elementor-column elementor-col-50 elementor-inner-column elementor-element elementor-element-c3f544e\" data-id=\"c3f544e\" data-element_type=\"column\">\n\t\t\t<div class=\"elementor-column-wrap elementor-element-populated\">\n\t\t\t\t\t\t\t<div class=\"elementor-widget-wrap\">\n\t\t\t\t\t\t<div class=\"elementor-element elementor-element-ad10aaa elementor-widget elementor-widget-text-editor\" data-id=\"ad10aaa\" data-element_type=\"widget\" data-widget_type=\"text-editor.default\">\n\t\t\t\t<div class=\"elementor-widget-container\">\n\t\t\t\t\t\t\t\t<div class=\"elementor-text-editor elementor-clearfix\">\n\t\t\t\t<p style=\"font-weight: 400;\">We are a Costa Rican company specialized in the design of civil projects of public and private nature, both in Costa Rica and Latin America.<\/p><p style=\"font-weight: 400;\">During its years of work, we have planned, designed and supervised engineering works in their different branches, such as architecture, feasibility and environmental studies including projects like bridges, port works, road works, buildings, earthworks and industrial buildings among others.<\/p>\t\t\t\t\t<\/div>\n\t\t\t\t\t\t<\/div>\n\t\t\t\t<\/div>\n\t\t\t\t\t\t<\/div>\n\t\t\t\t\t<\/div>\n\t\t<\/div>\n\t\t\t\t<div class=\"elementor-column elementor-col-50 elementor-inner-column elementor-element elementor-element-3c2c241\" data-id=\"3c2c241\" data-element_type=\"column\">\n\t\t\t<div class=\"elementor-column-wrap\">\n\t\t\t\t\t\t\t<div class=\"elementor-widget-wrap\">\n\t\t\t\t\t\t\t\t<\/div>\n\t\t\t\t\t<\/div>\n\t\t<\/div>\n\t\t\t\t\t\t\t\t<\/div>\n\t\t\t\t\t<\/div>\n\t\t<\/section>\n\t\t\t\t\t\t<\/div>\n\t\t\t\t\t<\/div>\n\t\t<\/div>\n\t\t\t\t\t\t\t\t<\/div>\n\t\t\t\t\t<\/div>\n\t\t<\/section>\n\t\t\t\t<section class=\"elementor-section elementor-top-section elementor-element elementor-element-00ee2a9 hide-background elementor-section-boxed elementor-section-height-default elementor-section-height-default\" data-id=\"00ee2a9\" data-element_type=\"section\" data-settings=\"{&quot;background_background&quot;:&quot;classic&quot;}\">\n\t\t\t\t\t\t<div class=\"elementor-container elementor-column-gap-default\">\n\t\t\t\t\t\t\t<div class=\"elementor-row\">\n\t\t\t\t\t<div class=\"elementor-column elementor-col-33 elementor-top-column elementor-element elementor-element-ec30252\" data-id=\"ec30252\" data-element_type=\"column\">\n\t\t\t<div class=\"elementor-column-wrap elementor-element-populated\">\n\t\t\t\t\t\t\t<div class=\"elementor-widget-wrap\">\n\t\t\t\t\t\t<div class=\"elementor-element elementor-element-254d5b2 elementor-widget elementor-widget-image\" data-id=\"254d5b2\" data-element_type=\"widget\" data-widget_type=\"image.default\">\n\t\t\t\t<div class=\"elementor-widget-container\">\n\t\t\t\t\t\t\t\t<div class=\"elementor-image\">\n\t\t\t\t\t\t\t\t\t\t\t\t<img decoding=\"async\" width=\"400\" height=\"378\" src=\"https:\/\/www.camachofernandez.com\/wp-content\/uploads\/2020\/07\/K5SL9102.png\" class=\"attachment-large size-large wp-image-1171\" alt=\"\" loading=\"lazy\" srcset=\"https:\/\/www.camachofernandez.com\/wp-content\/uploads\/2020\/07\/K5SL9102.png 400w, https:\/\/www.camachofernandez.com\/wp-content\/uploads\/2020\/07\/K5SL9102-300x284.png 300w, https:\/\/www.camachofernandez.com\/wp-content\/uploads\/2020\/07\/K5SL9102-154x146.png 154w, https:\/\/www.camachofernandez.com\/wp-content\/uploads\/2020\/07\/K5SL9102-50x47.png 50w, https:\/\/www.camachofernandez.com\/wp-content\/uploads\/2020\/07\/K5SL9102-79x75.png 79w\" sizes=\"(max-width: 400px) 100vw, 400px\" \/>\t\t\t\t\t\t\t\t\t\t\t\t\t\t<\/div>\n\t\t\t\t\t\t<\/div>\n\t\t\t\t<\/div>\n\t\t\t\t\t\t<\/div>\n\t\t\t\t\t<\/div>\n\t\t<\/div>\n\t\t\t\t<div class=\"elementor-column elementor-col-33 elementor-top-column elementor-element elementor-element-ea05e60\" data-id=\"ea05e60\" data-element_type=\"column\">\n\t\t\t<div class=\"elementor-column-wrap elementor-element-populated\">\n\t\t\t\t\t\t\t<div class=\"elementor-widget-wrap\">\n\t\t\t\t\t\t<div class=\"elementor-element elementor-element-52af532 elementor-widget elementor-widget-image\" data-id=\"52af532\" data-element_type=\"widget\" data-widget_type=\"image.default\">\n\t\t\t\t<div class=\"elementor-widget-container\">\n\t\t\t\t\t\t\t\t<div class=\"elementor-image\">\n\t\t\t\t\t\t\t\t\t\t\t\t<img decoding=\"async\" width=\"401\" height=\"378\" src=\"https:\/\/www.camachofernandez.com\/wp-content\/uploads\/2020\/07\/K5SL9102_copia.png\" class=\"attachment-large size-large wp-image-1172\" alt=\"\" loading=\"lazy\" srcset=\"https:\/\/www.camachofernandez.com\/wp-content\/uploads\/2020\/07\/K5SL9102_copia.png 401w, https:\/\/www.camachofernandez.com\/wp-content\/uploads\/2020\/07\/K5SL9102_copia-300x283.png 300w, https:\/\/www.camachofernandez.com\/wp-content\/uploads\/2020\/07\/K5SL9102_copia-155x146.png 155w, https:\/\/www.camachofernandez.com\/wp-content\/uploads\/2020\/07\/K5SL9102_copia-50x47.png 50w, https:\/\/www.camachofernandez.com\/wp-content\/uploads\/2020\/07\/K5SL9102_copia-80x75.png 80w\" sizes=\"(max-width: 401px) 100vw, 401px\" \/>\t\t\t\t\t\t\t\t\t\t\t\t\t\t<\/div>\n\t\t\t\t\t\t<\/div>\n\t\t\t\t<\/div>\n\t\t\t\t\t\t<\/div>\n\t\t\t\t\t<\/div>\n\t\t<\/div>\n\t\t\t\t<div class=\"elementor-column elementor-col-33 elementor-top-column elementor-element elementor-element-d934a1b\" data-id=\"d934a1b\" data-element_type=\"column\">\n\t\t\t<div class=\"elementor-column-wrap elementor-element-populated\">\n\t\t\t\t\t\t\t<div class=\"elementor-widget-wrap\">\n\t\t\t\t\t\t<div class=\"elementor-element elementor-element-b0e557f elementor-widget elementor-widget-image\" data-id=\"b0e557f\" data-element_type=\"widget\" data-widget_type=\"image.default\">\n\t\t\t\t<div class=\"elementor-widget-container\">\n\t\t\t\t\t\t\t\t<div class=\"elementor-image\">\n\t\t\t\t\t\t\t\t\t\t\t\t<img decoding=\"async\" width=\"400\" height=\"378\" src=\"https:\/\/www.camachofernandez.com\/wp-content\/uploads\/2020\/07\/K5SL9102_copia_2.png\" class=\"attachment-large size-large wp-image-1173\" alt=\"\" loading=\"lazy\" srcset=\"https:\/\/www.camachofernandez.com\/wp-content\/uploads\/2020\/07\/K5SL9102_copia_2.png 400w, https:\/\/www.camachofernandez.com\/wp-content\/uploads\/2020\/07\/K5SL9102_copia_2-300x284.png 300w, https:\/\/www.camachofernandez.com\/wp-content\/uploads\/2020\/07\/K5SL9102_copia_2-154x146.png 154w, https:\/\/www.camachofernandez.com\/wp-content\/uploads\/2020\/07\/K5SL9102_copia_2-50x47.png 50w, https:\/\/www.camachofernandez.com\/wp-content\/uploads\/2020\/07\/K5SL9102_copia_2-79x75.png 79w\" sizes=\"(max-width: 400px) 100vw, 400px\" \/>\t\t\t\t\t\t\t\t\t\t\t\t\t\t<\/div>\n\t\t\t\t\t\t<\/div>\n\t\t\t\t<\/div>\n\t\t\t\t\t\t<\/div>\n\t\t\t\t\t<\/div>\n\t\t<\/div>\n\t\t\t\t\t\t\t\t<\/div>\n\t\t\t\t\t<\/div>\n\t\t<\/section>\n\t\t\t\t<section class=\"elementor-section elementor-top-section elementor-element elementor-element-7778b21 elementor-section-boxed elementor-section-height-default elementor-section-height-default\" data-id=\"7778b21\" data-element_type=\"section\" data-settings=\"{&quot;background_background&quot;:&quot;classic&quot;}\">\n\t\t\t\t\t\t<div class=\"elementor-container elementor-column-gap-default\">\n\t\t\t\t\t\t\t<div class=\"elementor-row\">\n\t\t\t\t\t<div class=\"elementor-column elementor-col-50 elementor-top-column elementor-element elementor-element-77182fa\" data-id=\"77182fa\" data-element_type=\"column\">\n\t\t\t<div class=\"elementor-column-wrap elementor-element-populated\">\n\t\t\t\t\t\t\t<div class=\"elementor-widget-wrap\">\n\t\t\t\t\t\t<div class=\"elementor-element elementor-element-b6f74bd elementor-widget elementor-widget-text-editor\" data-id=\"b6f74bd\" data-element_type=\"widget\" data-widget_type=\"text-editor.default\">\n\t\t\t\t<div class=\"elementor-widget-container\">\n\t\t\t\t\t\t\t\t<div class=\"elementor-text-editor elementor-clearfix\">\n\t\t\t\tThe professionals at Camacho Fernandez (formerly known as Camacho y Mora) <span style=\"font-family: Gilroy ExtraBold;\">have more than 30 years of experience in the development of projects at national and international level.<\/span>\t\t\t\t\t<\/div>\n\t\t\t\t\t\t<\/div>\n\t\t\t\t<\/div>\n\t\t\t\t<div class=\"elementor-element elementor-element-7858317 elementor-widget__width-initial elementor-absolute elementor-widget-mobile__width-initial elementor-widget elementor-widget-text-editor\" data-id=\"7858317\" data-element_type=\"widget\" data-settings=\"{&quot;_position&quot;:&quot;absolute&quot;}\" data-widget_type=\"text-editor.default\">\n\t\t\t\t<div class=\"elementor-widget-container\">\n\t\t\t\t\t\t\t\t<div class=\"elementor-text-editor elementor-clearfix\">\n\t\t\t\tOur company has the capacity to <span style=\"font-family: Gilroy ExtraBold;\">respond in an agile<\/span> way to the needs of our clients, always keeping a close relationship with them and their representatives.\t\t\t\t\t<\/div>\n\t\t\t\t\t\t<\/div>\n\t\t\t\t<\/div>\n\t\t\t\t\t\t<\/div>\n\t\t\t\t\t<\/div>\n\t\t<\/div>\n\t\t\t\t<div class=\"elementor-column elementor-col-50 elementor-top-column elementor-element elementor-element-aa33f35 elementor-hidden-phone\" data-id=\"aa33f35\" data-element_type=\"column\">\n\t\t\t<div class=\"elementor-column-wrap\">\n\t\t\t\t\t\t\t<div class=\"elementor-widget-wrap\">\n\t\t\t\t\t\t\t\t<\/div>\n\t\t\t\t\t<\/div>\n\t\t<\/div>\n\t\t\t\t\t\t\t\t<\/div>\n\t\t\t\t\t<\/div>\n\t\t<\/section>\n\t\t\t\t\t\t\t\t\t<\/div>\n\t\t\t<\/div>\n\t\t\t\t\t<\/div>\n\t\t","protected":false},"excerpt":{"rendered":"<p>ABOUT US We are a Costa Rican company specialized in the design of civil projects of public and private nature, both in Costa Rica and Latin<span class=\"excerpt-hellip\"> [\u2026]<\/span><\/p>\n","protected":false},"author":2,"featured_media":0,"parent":0,"menu_order":0,"comment_status":"closed","ping_status":"closed","template":"elementor_header_footer","meta":[],"yoast_head":"<!-- This site is optimized with the Yoast SEO plugin v20.10 - https:\/\/yoast.com\/wordpress\/plugins\/seo\/ -->\n<title>About Us - Camacho Fern\u00e1ndez<\/title>\n<meta name=\"description\" content=\"Especialistas en ingeniera civil, arquitectura, ingenieria electromecanica y consultor\u00eda en gestion ambiental. Contamos con una amplia gama de servicios, tales como anteproyectos, estudios b\u00e1sicos, estudios preeliminares, tramites ambientales, entre otros.\" \/>\n<meta name=\"robots\" content=\"index, follow, max-snippet:-1, max-image-preview:large, max-video-preview:-1\" \/>\n<link rel=\"canonical\" href=\"https:\/\/www.camachofernandez.com\/en\/about-us\/\" \/>\n<meta property=\"og:locale\" content=\"en_US\" \/>\n<meta property=\"og:type\" content=\"article\" \/>\n<meta property=\"og:title\" content=\"About Us - Camacho Fern\u00e1ndez\" \/>\n<meta property=\"og:description\" content=\"Especialistas en ingeniera civil, arquitectura, ingenieria electromecanica y consultor\u00eda en gestion ambiental. Contamos con una amplia gama de servicios, tales como anteproyectos, estudios b\u00e1sicos, estudios preeliminares, tramites ambientales, entre otros.\" \/>\n<meta property=\"og:url\" content=\"https:\/\/www.camachofernandez.com\/en\/about-us\/\" \/>\n<meta property=\"og:site_name\" content=\"Camacho Fern\u00e1ndez\" \/>\n<meta property=\"article:modified_time\" content=\"2022-12-28T18:47:55+00:00\" \/>\n<meta property=\"og:image\" content=\"https:\/\/www.camachofernandez.com\/wp-content\/uploads\/2020\/07\/K5SL9102.png\" \/>\n<meta name=\"twitter:card\" content=\"summary_large_image\" \/>\n<meta name=\"twitter:label1\" content=\"Est. reading time\" \/>\n\t<meta name=\"twitter:data1\" content=\"1 minute\" \/>\n<script type=\"application\/ld+json\" class=\"yoast-schema-graph\">{\"@context\":\"https:\/\/schema.org\",\"@graph\":[{\"@type\":\"WebPage\",\"@id\":\"https:\/\/www.camachofernandez.com\/en\/about-us\/\",\"url\":\"https:\/\/www.camachofernandez.com\/en\/about-us\/\",\"name\":\"About Us - Camacho Fern\u00e1ndez\",\"isPartOf\":{\"@id\":\"https:\/\/www.camachofernandez.com\/en\/#website\"},\"datePublished\":\"2020-06-11T18:48:29+00:00\",\"dateModified\":\"2022-12-28T18:47:55+00:00\",\"description\":\"Especialistas en ingeniera civil, arquitectura, ingenieria electromecanica y consultor\u00eda en gestion ambiental. Contamos con una amplia gama de servicios, tales como anteproyectos, estudios b\u00e1sicos, estudios preeliminares, tramites ambientales, entre otros.\",\"breadcrumb\":{\"@id\":\"https:\/\/www.camachofernandez.com\/en\/about-us\/#breadcrumb\"},\"inLanguage\":\"en-US\",\"potentialAction\":[{\"@type\":\"ReadAction\",\"target\":[\"https:\/\/www.camachofernandez.com\/en\/about-us\/\"]}]},{\"@type\":\"BreadcrumbList\",\"@id\":\"https:\/\/www.camachofernandez.com\/en\/about-us\/#breadcrumb\",\"itemListElement\":[{\"@type\":\"ListItem\",\"position\":1,\"name\":\"Portada\",\"item\":\"https:\/\/www.camachofernandez.com\/en\/\"},{\"@type\":\"ListItem\",\"position\":2,\"name\":\"About Us\"}]},{\"@type\":\"WebSite\",\"@id\":\"https:\/\/www.camachofernandez.com\/en\/#website\",\"url\":\"https:\/\/www.camachofernandez.com\/en\/\",\"name\":\"Camacho Fern\u00e1ndez\",\"description\":\"\",\"potentialAction\":[{\"@type\":\"SearchAction\",\"target\":{\"@type\":\"EntryPoint\",\"urlTemplate\":\"https:\/\/www.camachofernandez.com\/en\/?s={search_term_string}\"},\"query-input\":\"required name=search_term_string\"}],\"inLanguage\":\"en-US\"}]}<\/script>\n<!-- \/ Yoast SEO plugin. -->","yoast_head_json":{"title":"About Us - Camacho Fern\u00e1ndez","description":"Especialistas en ingeniera civil, arquitectura, ingenieria electromecanica y consultor\u00eda en gestion ambiental. Contamos con una amplia gama de servicios, tales como anteproyectos, estudios b\u00e1sicos, estudios preeliminares, tramites ambientales, entre otros.","robots":{"index":"index","follow":"follow","max-snippet":"max-snippet:-1","max-image-preview":"max-image-preview:large","max-video-preview":"max-video-preview:-1"},"canonical":"https:\/\/www.camachofernandez.com\/en\/about-us\/","og_locale":"en_US","og_type":"article","og_title":"About Us - Camacho Fern\u00e1ndez","og_description":"Especialistas en ingeniera civil, arquitectura, ingenieria electromecanica y consultor\u00eda en gestion ambiental. Contamos con una amplia gama de servicios, tales como anteproyectos, estudios b\u00e1sicos, estudios preeliminares, tramites ambientales, entre otros.","og_url":"https:\/\/www.camachofernandez.com\/en\/about-us\/","og_site_name":"Camacho Fern\u00e1ndez","article_modified_time":"2022-12-28T18:47:55+00:00","og_image":[{"url":"https:\/\/www.camachofernandez.com\/wp-content\/uploads\/2020\/07\/K5SL9102.png"}],"twitter_card":"summary_large_image","twitter_misc":{"Est. reading time":"1 minute"},"schema":{"@context":"https:\/\/schema.org","@graph":[{"@type":"WebPage","@id":"https:\/\/www.camachofernandez.com\/en\/about-us\/","url":"https:\/\/www.camachofernandez.com\/en\/about-us\/","name":"About Us - Camacho Fern\u00e1ndez","isPartOf":{"@id":"https:\/\/www.camachofernandez.com\/en\/#website"},"datePublished":"2020-06-11T18:48:29+00:00","dateModified":"2022-12-28T18:47:55+00:00","description":"Especialistas en ingeniera civil, arquitectura, ingenieria electromecanica y consultor\u00eda en gestion ambiental. Contamos con una amplia gama de servicios, tales como anteproyectos, estudios b\u00e1sicos, estudios preeliminares, tramites ambientales, entre otros.","breadcrumb":{"@id":"https:\/\/www.camachofernandez.com\/en\/about-us\/#breadcrumb"},"inLanguage":"en-US","potentialAction":[{"@type":"ReadAction","target":["https:\/\/www.camachofernandez.com\/en\/about-us\/"]}]},{"@type":"BreadcrumbList","@id":"https:\/\/www.camachofernandez.com\/en\/about-us\/#breadcrumb","itemListElement":[{"@type":"ListItem","position":1,"name":"Portada","item":"https:\/\/www.camachofernandez.com\/en\/"},{"@type":"ListItem","position":2,"name":"About Us"}]},{"@type":"WebSite","@id":"https:\/\/www.camachofernandez.com\/en\/#website","url":"https:\/\/www.camachofernandez.com\/en\/","name":"Camacho Fern\u00e1ndez","description":"","potentialAction":[{"@type":"SearchAction","target":{"@type":"EntryPoint","urlTemplate":"https:\/\/www.camachofernandez.com\/en\/?s={search_term_string}"},"query-input":"required name=search_term_string"}],"inLanguage":"en-US"}]}},"_links":{"self":[{"href":"https:\/\/www.camachofernandez.com\/en\/wp-json\/wp\/v2\/pages\/1448"}],"collection":[{"href":"https:\/\/www.camachofernandez.com\/en\/wp-json\/wp\/v2\/pages"}],"about":[{"href":"https:\/\/www.camachofernandez.com\/en\/wp-json\/wp\/v2\/types\/page"}],"author":[{"embeddable":true,"href":"https:\/\/www.camachofernandez.com\/en\/wp-json\/wp\/v2\/users\/2"}],"replies":[{"embeddable":true,"href":"https:\/\/www.camachofernandez.com\/en\/wp-json\/wp\/v2\/comments?post=1448"}],"version-history":[{"count":3,"href":"https:\/\/www.camachofernandez.com\/en\/wp-json\/wp\/v2\/pages\/1448\/revisions"}],"predecessor-version":[{"id":1451,"href":"https:\/\/www.camachofernandez.com\/en\/wp-json\/wp\/v2\/pages\/1448\/revisions\/1451"}],"wp:attachment":[{"href":"https:\/\/www.camachofernandez.com\/en\/wp-json\/wp\/v2\/media?parent=1448"}],"curies":[{"name":"wp","href":"https:\/\/api.w.org\/{rel}","templated":true}]}}